{"id":1069,"date":"2022-08-07T21:48:07","date_gmt":"2022-08-07T21:48:07","guid":{"rendered":"http:\/\/190.168.5.116\/webdoctoradofilosofia\/?page_id=1069"},"modified":"2022-08-07T21:50:32","modified_gmt":"2022-08-07T21:50:32","slug":"dr-arelys-ramona","status":"publish","type":"page","link":"http:\/\/190.168.5.116\/webdoctoradofilosofia\/dr-arelys-ramona\/","title":{"rendered":"DR Arelys Ramona"},"content":{"rendered":"\t\t<div data-elementor-type=\"wp-page\" data-elementor-id=\"1069\" class=\"elementor elementor-1069\">\n\t\t\t\t\t\t<section class=\"elementor-section elementor-top-section elementor-element elementor-element-c2f3f7c elementor-section-boxed elementor-section-height-default elementor-section-height-default\" data-id=\"c2f3f7c\" data-element_type=\"section\">\n\t\t\t\t\t\t<div class=\"elementor-container elementor-column-gap-default\">\n\t\t\t\t\t<div class=\"elementor-column elementor-col-100 elementor-top-column elementor-element elementor-element-c08b5b2\" data-id=\"c08b5b2\" data-element_type=\"column\">\n\t\t\t<div class=\"elementor-widget-wrap elementor-element-populated\">\n\t\t\t\t\t\t<section class=\"elementor-section elementor-inner-section elementor-element elementor-element-7f6f098 elementor-section-boxed elementor-section-height-default elementor-section-height-default\" data-id=\"7f6f098\" data-element_type=\"section\">\n\t\t\t\t\t\t<div class=\"elementor-container elementor-column-gap-default\">\n\t\t\t\t\t<div class=\"elementor-column elementor-col-50 elementor-inner-column elementor-element elementor-element-7494b5d\" data-id=\"7494b5d\" data-element_type=\"column\">\n\t\t\t<div class=\"elementor-widget-wrap elementor-element-populated\">\n\t\t\t\t\t\t<div class=\"elementor-element elementor-element-3a1c3b5 elementor-widget elementor-widget-image\" data-id=\"3a1c3b5\" data-element_type=\"widget\" data-widget_type=\"image.default\">\n\t\t\t\t<div class=\"elementor-widget-container\">\n\t\t\t\t\t\t\t\t\t\t\t\t\t\t\t<img fetchpriority=\"high\" decoding=\"async\" width=\"362\" height=\"448\" src=\"http:\/\/190.168.5.116\/webdoctoradofilosofia\/wp-content\/uploads\/2022\/08\/Dra.jpg\" class=\"attachment-large size-large wp-image-1065\" alt=\"\" srcset=\"http:\/\/190.168.5.116\/webdoctoradofilosofia\/wp-content\/uploads\/2022\/08\/Dra.jpg 362w, http:\/\/190.168.5.116\/webdoctoradofilosofia\/wp-content\/uploads\/2022\/08\/Dra-242x300.jpg 242w\" sizes=\"(max-width: 362px) 100vw, 362px\" \/>\t\t\t\t\t\t\t\t\t\t\t\t\t\t\t<\/div>\n\t\t\t\t<\/div>\n\t\t\t\t\t<\/div>\n\t\t<\/div>\n\t\t\t\t<div class=\"elementor-column elementor-col-50 elementor-inner-column elementor-element elementor-element-cadbbd8\" data-id=\"cadbbd8\" data-element_type=\"column\">\n\t\t\t<div class=\"elementor-widget-wrap elementor-element-populated\">\n\t\t\t\t\t\t<div class=\"elementor-element elementor-element-60d17c7 elementor-widget elementor-widget-heading\" data-id=\"60d17c7\" data-element_type=\"widget\" data-widget_type=\"heading.default\">\n\t\t\t\t<div class=\"elementor-widget-container\">\n\t\t\t\t\t<h2 class=\"elementor-heading-title elementor-size-default\">Dr Arelys Ramona Rond\u00f3n de Guill\u00e9n<\/h2>\t\t\t\t<\/div>\n\t\t\t\t<\/div>\n\t\t\t\t<div class=\"elementor-element elementor-element-9f35962 elementor-widget elementor-widget-heading\" data-id=\"9f35962\" data-element_type=\"widget\" data-widget_type=\"heading.default\">\n\t\t\t\t<div class=\"elementor-widget-container\">\n\t\t\t\t\t<h4 class=\"elementor-heading-title elementor-size-default\">Actualidad        <\/h4>\t\t\t\t<\/div>\n\t\t\t\t<\/div>\n\t\t\t\t<div class=\"elementor-element elementor-element-b33e85d elementor-widget elementor-widget-text-editor\" data-id=\"b33e85d\" data-element_type=\"widget\" data-widget_type=\"text-editor.default\">\n\t\t\t\t<div class=\"elementor-widget-container\">\n\t\t\t\t\t\t\t\t\t<p>Polit\u00f3logo y abogado, Menci\u00f3n Magna Cum Laude de la Universidad de Los Andes<br \/>(1997). Mag\u00edster Scientiae en Ciencias Pol\u00edticas (ULA) 2001. Doctorado en Filosof\u00eda (ULA) 2016 con la tesis El sentimiento como fundamento ontol\u00f3gico de la naturaleza del hombre en el Discurso sobre el origen y fundamentos de la desigualdad entre los hombres de J. J. Rousseau, tutor Dr. Omar Astorga. Profesora ordinaria y a dedicaci\u00f3n exclusiva de la Facultad de Ciencias Jur\u00eddicas y Pol\u00edticas de la ULA desde 2007, adscrita al Departamento de Metodolog\u00eda y Filosof\u00eda del derecho, del cual actualmente me desempe\u00f1o como Jefe. Dictado de Seminarios en el Doctorado de Filosof\u00eda (ULA) desde 2017, acerca de la filosof\u00eda de Jean Jacques Rousseau. Autora de art\u00edculos acad\u00e9micos en el \u00e1rea de filosof\u00eda, \u00e9tica e interpretaci\u00f3n jur\u00eddica. L\u00edneas de Investigaci\u00f3n: filosof\u00eda moderna y de la ilustraci\u00f3n, filosof\u00eda pol\u00edtica, \u00e9tica y hermen\u00e9utica.<\/p>\t\t\t\t\t\t\t\t<\/div>\n\t\t\t\t<\/div>\n\t\t\t\t\t<\/div>\n\t\t<\/div>\n\t\t\t\t\t<\/div>\n\t\t<\/section>\n\t\t\t\t\t<\/div>\n\t\t<\/div>\n\t\t\t\t\t<\/div>\n\t\t<\/section>\n\t\t\t\t<\/div>\n\t\t","protected":false},"excerpt":{"rendered":"<p>Dr Arelys Ramona Rond\u00f3n de Guill\u00e9n Actualidad Polit\u00f3logo y abogado, Menci\u00f3n Magna Cum Laude de la Universidad de Los Andes(1997). Mag\u00edster Scientiae en Ciencias Pol\u00edticas (ULA) 2001. Doctorado en Filosof\u00eda (ULA) 2016 con la tesis El sentimiento como fundamento ontol\u00f3gico de la naturaleza del hombre en el Discurso sobre el origen y fundamentos de la &hellip;<\/p>\n<p class=\"read-more\"> <a class=\"\" href=\"http:\/\/190.168.5.116\/webdoctoradofilosofia\/dr-arelys-ramona\/\"> <span class=\"screen-reader-text\">DR Arelys Ramona<\/span> Leer m\u00e1s &raquo;<\/a><\/p>\n","protected":false},"author":1,"featured_media":0,"parent":0,"menu_order":0,"comment_status":"closed","ping_status":"closed","template":"","meta":{"site-sidebar-layout":"no-sidebar","site-content-layout":"page-builder","ast-global-header-display":"","ast-main-header-display":"","ast-hfb-above-header-display":"","ast-hfb-below-header-display":"","ast-hfb-mobile-header-display":"","site-post-title":"disabled","ast-breadcrumbs-content":"","ast-featured-img":"disabled","footer-sml-layout":"","theme-transparent-header-meta":"","adv-header-id-meta":"","stick-header-meta":"","header-above-stick-meta":"","header-main-stick-meta":"","header-below-stick-meta":"","footnotes":""},"class_list":["post-1069","page","type-page","status-publish","hentry"],"_links":{"self":[{"href":"http:\/\/190.168.5.116\/webdoctoradofilosofia\/wp-json\/wp\/v2\/pages\/1069","targetHints":{"allow":["GET"]}}],"collection":[{"href":"http:\/\/190.168.5.116\/webdoctoradofilosofia\/wp-json\/wp\/v2\/pages"}],"about":[{"href":"http:\/\/190.168.5.116\/webdoctoradofilosofia\/wp-json\/wp\/v2\/types\/page"}],"author":[{"embeddable":true,"href":"http:\/\/190.168.5.116\/webdoctoradofilosofia\/wp-json\/wp\/v2\/users\/1"}],"replies":[{"embeddable":true,"href":"http:\/\/190.168.5.116\/webdoctoradofilosofia\/wp-json\/wp\/v2\/comments?post=1069"}],"version-history":[{"count":7,"href":"http:\/\/190.168.5.116\/webdoctoradofilosofia\/wp-json\/wp\/v2\/pages\/1069\/revisions"}],"predecessor-version":[{"id":1079,"href":"http:\/\/190.168.5.116\/webdoctoradofilosofia\/wp-json\/wp\/v2\/pages\/1069\/revisions\/1079"}],"wp:attachment":[{"href":"http:\/\/190.168.5.116\/webdoctoradofilosofia\/wp-json\/wp\/v2\/media?parent=1069"}],"curies":[{"name":"wp","href":"https:\/\/api.w.org\/{rel}","templated":true}]}}