{"id":1124,"date":"2022-08-30T11:45:51","date_gmt":"2022-08-30T11:45:51","guid":{"rendered":"http:\/\/190.168.5.116\/webdoctoradofilosofia\/?page_id=1124"},"modified":"2022-11-19T03:11:23","modified_gmt":"2022-11-19T03:11:23","slug":"tesis","status":"publish","type":"page","link":"http:\/\/190.168.5.116\/webdoctoradofilosofia\/tesis\/","title":{"rendered":"La Tesis"},"content":{"rendered":"\t\t<div data-elementor-type=\"wp-post\" data-elementor-id=\"1124\" class=\"elementor elementor-1124\">\n\t\t\t\t\t\t<section class=\"elementor-section elementor-top-section elementor-element elementor-element-66d843d elementor-section-content-middle elementor-section-boxed elementor-section-height-default elementor-section-height-default\" data-id=\"66d843d\" data-element_type=\"section\" data-settings=\"{&quot;background_background&quot;:&quot;classic&quot;}\">\n\t\t\t\t\t\t\t<div class=\"elementor-background-overlay\"><\/div>\n\t\t\t\t\t\t\t<div class=\"elementor-container elementor-column-gap-no\">\n\t\t\t\t\t<div class=\"elementor-column elementor-col-100 elementor-top-column elementor-element elementor-element-03c6d47\" data-id=\"03c6d47\" data-element_type=\"column\">\n\t\t\t<div class=\"elementor-widget-wrap elementor-element-populated\">\n\t\t\t\t\t\t<section class=\"elementor-section elementor-inner-section elementor-element elementor-element-d253c16 elementor-section-boxed elementor-section-height-default elementor-section-height-default\" data-id=\"d253c16\" data-element_type=\"section\">\n\t\t\t\t\t\t<div class=\"elementor-container elementor-column-gap-default\">\n\t\t\t\t\t<div class=\"elementor-column elementor-col-50 elementor-inner-column elementor-element elementor-element-e0721c6\" data-id=\"e0721c6\" data-element_type=\"column\">\n\t\t\t<div class=\"elementor-widget-wrap elementor-element-populated\">\n\t\t\t\t\t\t<div class=\"elementor-element elementor-element-b1c34b0 elementor-widget elementor-widget-heading\" data-id=\"b1c34b0\" data-element_type=\"widget\" data-widget_type=\"heading.default\">\n\t\t\t\t<div class=\"elementor-widget-container\">\n\t\t\t\t\t<h1 class=\"elementor-heading-title elementor-size-default\">La Tesis<\/h1>\t\t\t\t<\/div>\n\t\t\t\t<\/div>\n\t\t\t\t\t<\/div>\n\t\t<\/div>\n\t\t\t\t<div class=\"elementor-column elementor-col-50 elementor-inner-column elementor-element elementor-element-64521c6\" data-id=\"64521c6\" data-element_type=\"column\">\n\t\t\t<div class=\"elementor-widget-wrap elementor-element-populated\">\n\t\t\t\t\t\t<div class=\"elementor-element elementor-element-106f7d8 elementor-widget elementor-widget-image\" data-id=\"106f7d8\" data-element_type=\"widget\" data-widget_type=\"image.default\">\n\t\t\t\t<div class=\"elementor-widget-container\">\n\t\t\t\t\t\t\t\t\t\t\t\t\t\t\t\t<a href=\"http:\/\/www.ula.ve\/\">\n\t\t\t\t\t\t\t<img decoding=\"async\" src=\"http:\/\/190.168.5.116\/webdoctoradofilosofia\/wp-content\/uploads\/elementor\/thumbs\/ula_logo1-purw83sae5niypbmy956cef1yle1fnxpmonvnsluss.png\" title=\"ula_logo1\" alt=\"ula_logo1\" loading=\"lazy\" \/>\t\t\t\t\t\t\t\t<\/a>\n\t\t\t\t\t\t\t\t\t\t\t\t\t\t\t<\/div>\n\t\t\t\t<\/div>\n\t\t\t\t\t<\/div>\n\t\t<\/div>\n\t\t\t\t\t<\/div>\n\t\t<\/section>\n\t\t\t\t\t<\/div>\n\t\t<\/div>\n\t\t\t\t\t<\/div>\n\t\t<\/section>\n\t\t\t\t<section class=\"elementor-section elementor-top-section elementor-element elementor-element-6785f070 elementor-section-content-middle elementor-section-boxed elementor-section-height-default elementor-section-height-default\" data-id=\"6785f070\" data-element_type=\"section\" data-settings=\"{&quot;background_background&quot;:&quot;classic&quot;}\">\n\t\t\t\t\t\t<div class=\"elementor-container elementor-column-gap-no\">\n\t\t\t\t\t<div class=\"elementor-column elementor-col-100 elementor-top-column elementor-element elementor-element-236a079\" data-id=\"236a079\" data-element_type=\"column\">\n\t\t\t<div class=\"elementor-widget-wrap elementor-element-populated\">\n\t\t\t\t\t\t<div class=\"elementor-element elementor-element-3d0aa540 elementor-widget elementor-widget-heading\" data-id=\"3d0aa540\" data-element_type=\"widget\" data-widget_type=\"heading.default\">\n\t\t\t\t<div class=\"elementor-widget-container\">\n\t\t\t\t\t<h3 class=\"elementor-heading-title elementor-size-default\">Informaciones relacionadas con la tesis<\/h3>\t\t\t\t<\/div>\n\t\t\t\t<\/div>\n\t\t\t\t<section class=\"elementor-section elementor-inner-section elementor-element elementor-element-cdfe5e7 elementor-section-boxed elementor-section-height-default elementor-section-height-default\" data-id=\"cdfe5e7\" data-element_type=\"section\">\n\t\t\t\t\t\t<div class=\"elementor-container elementor-column-gap-default\">\n\t\t\t\t\t<div class=\"elementor-column elementor-col-50 elementor-inner-column elementor-element elementor-element-ddf993e\" data-id=\"ddf993e\" data-element_type=\"column\">\n\t\t\t<div class=\"elementor-widget-wrap elementor-element-populated\">\n\t\t\t\t\t\t<div class=\"elementor-element elementor-element-50e1ebf elementor-widget elementor-widget-text-editor\" data-id=\"50e1ebf\" data-element_type=\"widget\" data-widget_type=\"text-editor.default\">\n\t\t\t\t<div class=\"elementor-widget-container\">\n\t\t\t\t\t\t\t\t\t<ul><li>Como parte de su investigaci\u00f3n doctoral, el candidato a doctor producir\u00e1 una tesis sustancial de aproximadamente 180 a 250 p\u00e1ginas, enmarcada dentro de las l\u00edneas de investigaci\u00f3n del programa, en la que estudiar\u00e1 un campo de investigaci\u00f3n bien delimitado. Esta tesis se realizar\u00e1 bajo la direcci\u00f3n de un tutor en un r\u00e9gimen de tutor\u00eda intensiva y ser\u00e1 defendida oralmente frente a un jurado de tres examinadores designados por el Consejo Directivo del doctorado.<\/li><li>En el momento de la admisi\u00f3n, la comisi\u00f3n acad\u00e9mica del programa de doctorado asignar\u00e1 al candidato un tutor acad\u00e9mico.<\/li><li>La realizaci\u00f3n de la tesis implica mantener un trabajo intensivo durante un per\u00edodo prolongado, hasta una fecha l\u00edmite.<\/li><\/ul>\t\t\t\t\t\t\t\t<\/div>\n\t\t\t\t<\/div>\n\t\t\t\t\t<\/div>\n\t\t<\/div>\n\t\t\t\t<div class=\"elementor-column elementor-col-50 elementor-inner-column elementor-element elementor-element-5d0f1c9\" data-id=\"5d0f1c9\" data-element_type=\"column\">\n\t\t\t<div class=\"elementor-widget-wrap elementor-element-populated\">\n\t\t\t\t\t\t<div class=\"elementor-element elementor-element-5aabbfce elementor-widget elementor-widget-text-editor\" data-id=\"5aabbfce\" data-element_type=\"widget\" data-widget_type=\"text-editor.default\">\n\t\t\t\t<div class=\"elementor-widget-container\">\n\t\t\t\t\t\t\t\t\t<ul><li>El tutor debe planificar reuniones regulares, como m\u00ednimo debe realizar dos reuniones de tutor\u00eda cada mes con el doctorando y acordar el plan del trabajo de investigaci\u00f3n.<\/li><li>En las reuniones planificadas, el tutor debe leer, corregir y comentar el manuscrito de la tesis, y en general asesorar el trabajo de investigaci\u00f3n.<\/li><li>Al finalizar cada semestre, un jurado formado por tres doctores evaluar\u00e1 el progreso del plan de investigaci\u00f3n del doctorando, el desarrollo de su documento de actividades y el plan previsto para el semestre siguiente.<\/li><\/ul>\t\t\t\t\t\t\t\t<\/div>\n\t\t\t\t<\/div>\n\t\t\t\t\t<\/div>\n\t\t<\/div>\n\t\t\t\t\t<\/div>\n\t\t<\/section>\n\t\t\t\t\t<\/div>\n\t\t<\/div>\n\t\t\t\t\t<\/div>\n\t\t<\/section>\n\t\t\t\t<section class=\"elementor-section elementor-top-section elementor-element elementor-element-b5a75c1 elementor-section-boxed elementor-section-height-default elementor-section-height-default\" data-id=\"b5a75c1\" data-element_type=\"section\">\n\t\t\t\t\t\t<div class=\"elementor-container elementor-column-gap-default\">\n\t\t\t\t\t<div class=\"elementor-column elementor-col-100 elementor-top-column elementor-element elementor-element-060b0db\" data-id=\"060b0db\" data-element_type=\"column\">\n\t\t\t<div class=\"elementor-widget-wrap elementor-element-populated\">\n\t\t\t\t\t\t<section class=\"elementor-section elementor-inner-section elementor-element elementor-element-44d53fe elementor-section-boxed elementor-section-height-default elementor-section-height-default\" data-id=\"44d53fe\" data-element_type=\"section\">\n\t\t\t\t\t\t<div class=\"elementor-container elementor-column-gap-default\">\n\t\t\t\t\t<div class=\"elementor-column elementor-col-33 elementor-inner-column elementor-element elementor-element-c930db1\" data-id=\"c930db1\" data-element_type=\"column\">\n\t\t\t<div class=\"elementor-widget-wrap elementor-element-populated\">\n\t\t\t\t\t\t<div class=\"elementor-element elementor-element-c232489 elementor-widget elementor-widget-image\" data-id=\"c232489\" data-element_type=\"widget\" data-widget_type=\"image.default\">\n\t\t\t\t<div class=\"elementor-widget-container\">\n\t\t\t\t\t\t\t\t\t\t\t\t\t\t\t<img fetchpriority=\"high\" decoding=\"async\" width=\"810\" height=\"198\" src=\"http:\/\/190.168.5.116\/webdoctoradofilosofia\/wp-content\/uploads\/2022\/07\/buho.png\" class=\"attachment-large size-large wp-image-1055\" alt=\"\" srcset=\"http:\/\/190.168.5.116\/webdoctoradofilosofia\/wp-content\/uploads\/2022\/07\/buho.png 810w, http:\/\/190.168.5.116\/webdoctoradofilosofia\/wp-content\/uploads\/2022\/07\/buho-300x73.png 300w, http:\/\/190.168.5.116\/webdoctoradofilosofia\/wp-content\/uploads\/2022\/07\/buho-768x188.png 768w\" sizes=\"(max-width: 810px) 100vw, 810px\" \/>\t\t\t\t\t\t\t\t\t\t\t\t\t\t\t<\/div>\n\t\t\t\t<\/div>\n\t\t\t\t\t<\/div>\n\t\t<\/div>\n\t\t\t\t<div class=\"elementor-column elementor-col-33 elementor-inner-column elementor-element elementor-element-e79433d\" data-id=\"e79433d\" data-element_type=\"column\">\n\t\t\t<div class=\"elementor-widget-wrap elementor-element-populated\">\n\t\t\t\t\t\t<div class=\"elementor-element elementor-element-e7374b8 elementor-widget elementor-widget-image\" data-id=\"e7374b8\" data-element_type=\"widget\" data-widget_type=\"image.default\">\n\t\t\t\t<div class=\"elementor-widget-container\">\n\t\t\t\t\t\t\t\t\t\t\t\t\t\t\t<img decoding=\"async\" width=\"908\" height=\"196\" src=\"http:\/\/190.168.5.116\/webdoctoradofilosofia\/wp-content\/uploads\/2022\/05\/cropped-Facultad-de-Humanidades-y-Educacion.jpg\" class=\"attachment-large size-large wp-image-664\" alt=\"\" srcset=\"http:\/\/190.168.5.116\/webdoctoradofilosofia\/wp-content\/uploads\/2022\/05\/cropped-Facultad-de-Humanidades-y-Educacion.jpg 908w, http:\/\/190.168.5.116\/webdoctoradofilosofia\/wp-content\/uploads\/2022\/05\/cropped-Facultad-de-Humanidades-y-Educacion-300x65.jpg 300w, http:\/\/190.168.5.116\/webdoctoradofilosofia\/wp-content\/uploads\/2022\/05\/cropped-Facultad-de-Humanidades-y-Educacion-768x166.jpg 768w\" sizes=\"(max-width: 908px) 100vw, 908px\" \/>\t\t\t\t\t\t\t\t\t\t\t\t\t\t\t<\/div>\n\t\t\t\t<\/div>\n\t\t\t\t\t<\/div>\n\t\t<\/div>\n\t\t\t\t<div class=\"elementor-column elementor-col-33 elementor-inner-column elementor-element elementor-element-c9e21b9\" data-id=\"c9e21b9\" data-element_type=\"column\">\n\t\t\t<div class=\"elementor-widget-wrap elementor-element-populated\">\n\t\t\t\t\t\t<div class=\"elementor-element elementor-element-18f2566 elementor-widget elementor-widget-image\" data-id=\"18f2566\" data-element_type=\"widget\" data-widget_type=\"image.default\">\n\t\t\t\t<div class=\"elementor-widget-container\">\n\t\t\t\t\t\t\t\t\t\t\t\t\t\t\t<img decoding=\"async\" width=\"810\" height=\"198\" src=\"http:\/\/190.168.5.116\/webdoctoradofilosofia\/wp-content\/uploads\/2022\/07\/docto-1.png\" class=\"attachment-large size-large wp-image-1056\" alt=\"\" srcset=\"http:\/\/190.168.5.116\/webdoctoradofilosofia\/wp-content\/uploads\/2022\/07\/docto-1.png 810w, http:\/\/190.168.5.116\/webdoctoradofilosofia\/wp-content\/uploads\/2022\/07\/docto-1-300x73.png 300w, http:\/\/190.168.5.116\/webdoctoradofilosofia\/wp-content\/uploads\/2022\/07\/docto-1-768x188.png 768w\" sizes=\"(max-width: 810px) 100vw, 810px\" \/>\t\t\t\t\t\t\t\t\t\t\t\t\t\t\t<\/div>\n\t\t\t\t<\/div>\n\t\t\t\t\t<\/div>\n\t\t<\/div>\n\t\t\t\t\t<\/div>\n\t\t<\/section>\n\t\t\t\t\t<\/div>\n\t\t<\/div>\n\t\t\t\t\t<\/div>\n\t\t<\/section>\n\t\t\t\t<\/div>\n\t\t","protected":false},"excerpt":{"rendered":"<p>La Tesis Informaciones relacionadas con la tesis Como parte de su investigaci\u00f3n doctoral, el candidato a doctor producir\u00e1 una tesis sustancial de aproximadamente 180 a 250 p\u00e1ginas, enmarcada dentro de las l\u00edneas de investigaci\u00f3n del programa, en la que estudiar\u00e1 un campo de investigaci\u00f3n bien delimitado. Esta tesis se realizar\u00e1 bajo la direcci\u00f3n de un &hellip;<\/p>\n<p class=\"read-more\"> <a class=\"\" href=\"http:\/\/190.168.5.116\/webdoctoradofilosofia\/tesis\/\"> <span class=\"screen-reader-text\">La Tesis<\/span> Leer m\u00e1s &raquo;<\/a><\/p>\n","protected":false},"author":1,"featured_media":0,"parent":0,"menu_order":0,"comment_status":"closed","ping_status":"closed","template":"","meta":{"site-sidebar-layout":"default","site-content-layout":"page-builder","ast-global-header-display":"","ast-main-header-display":"","ast-hfb-above-header-display":"","ast-hfb-below-header-display":"","ast-hfb-mobile-header-display":"","site-post-title":"disabled","ast-breadcrumbs-content":"","ast-featured-img":"disabled","footer-sml-layout":"","theme-transparent-header-meta":"enabled","adv-header-id-meta":"","stick-header-meta":"","header-above-stick-meta":"","header-main-stick-meta":"","header-below-stick-meta":"","footnotes":""},"class_list":["post-1124","page","type-page","status-publish","hentry"],"_links":{"self":[{"href":"http:\/\/190.168.5.116\/webdoctoradofilosofia\/wp-json\/wp\/v2\/pages\/1124","targetHints":{"allow":["GET"]}}],"collection":[{"href":"http:\/\/190.168.5.116\/webdoctoradofilosofia\/wp-json\/wp\/v2\/pages"}],"about":[{"href":"http:\/\/190.168.5.116\/webdoctoradofilosofia\/wp-json\/wp\/v2\/types\/page"}],"author":[{"embeddable":true,"href":"http:\/\/190.168.5.116\/webdoctoradofilosofia\/wp-json\/wp\/v2\/users\/1"}],"replies":[{"embeddable":true,"href":"http:\/\/190.168.5.116\/webdoctoradofilosofia\/wp-json\/wp\/v2\/comments?post=1124"}],"version-history":[{"count":19,"href":"http:\/\/190.168.5.116\/webdoctoradofilosofia\/wp-json\/wp\/v2\/pages\/1124\/revisions"}],"predecessor-version":[{"id":1539,"href":"http:\/\/190.168.5.116\/webdoctoradofilosofia\/wp-json\/wp\/v2\/pages\/1124\/revisions\/1539"}],"wp:attachment":[{"href":"http:\/\/190.168.5.116\/webdoctoradofilosofia\/wp-json\/wp\/v2\/media?parent=1124"}],"curies":[{"name":"wp","href":"https:\/\/api.w.org\/{rel}","templated":true}]}}