{"id":1151,"date":"2022-08-30T12:05:08","date_gmt":"2022-08-30T12:05:08","guid":{"rendered":"http:\/\/190.168.5.116\/webdoctoradofilosofia\/?page_id=1151"},"modified":"2022-10-06T00:55:36","modified_gmt":"2022-10-06T00:55:36","slug":"plan","status":"publish","type":"page","link":"http:\/\/190.168.5.116\/webdoctoradofilosofia\/plan\/","title":{"rendered":"Plan de Actividades"},"content":{"rendered":"\t\t<div data-elementor-type=\"wp-post\" data-elementor-id=\"1151\" class=\"elementor elementor-1151\">\n\t\t\t\t\t\t<section class=\"elementor-section elementor-top-section elementor-element elementor-element-775bd0a elementor-section-content-middle elementor-section-boxed elementor-section-height-default elementor-section-height-default\" data-id=\"775bd0a\" data-element_type=\"section\" data-settings=\"{&quot;background_background&quot;:&quot;classic&quot;}\">\n\t\t\t\t\t\t\t<div class=\"elementor-background-overlay\"><\/div>\n\t\t\t\t\t\t\t<div class=\"elementor-container elementor-column-gap-no\">\n\t\t\t\t\t<div class=\"elementor-column elementor-col-100 elementor-top-column elementor-element elementor-element-73d58e7\" data-id=\"73d58e7\" data-element_type=\"column\">\n\t\t\t<div class=\"elementor-widget-wrap elementor-element-populated\">\n\t\t\t\t\t\t<section class=\"elementor-section elementor-inner-section elementor-element elementor-element-0c3e141 elementor-section-boxed elementor-section-height-default elementor-section-height-default\" data-id=\"0c3e141\" data-element_type=\"section\">\n\t\t\t\t\t\t<div class=\"elementor-container elementor-column-gap-default\">\n\t\t\t\t\t<div class=\"elementor-column elementor-col-50 elementor-inner-column elementor-element elementor-element-c2a6b97\" data-id=\"c2a6b97\" data-element_type=\"column\">\n\t\t\t<div class=\"elementor-widget-wrap elementor-element-populated\">\n\t\t\t\t\t\t<div class=\"elementor-element elementor-element-88a10c8 elementor-widget elementor-widget-heading\" data-id=\"88a10c8\" data-element_type=\"widget\" data-widget_type=\"heading.default\">\n\t\t\t\t<div class=\"elementor-widget-container\">\n\t\t\t\t\t<h1 class=\"elementor-heading-title elementor-size-default\">Plan de actividades acad\u00e9micas<\/h1>\t\t\t\t<\/div>\n\t\t\t\t<\/div>\n\t\t\t\t\t<\/div>\n\t\t<\/div>\n\t\t\t\t<div class=\"elementor-column elementor-col-50 elementor-inner-column elementor-element elementor-element-3534def\" data-id=\"3534def\" data-element_type=\"column\">\n\t\t\t<div class=\"elementor-widget-wrap elementor-element-populated\">\n\t\t\t\t\t\t<div class=\"elementor-element elementor-element-e26632b elementor-widget elementor-widget-image\" data-id=\"e26632b\" data-element_type=\"widget\" data-widget_type=\"image.default\">\n\t\t\t\t<div class=\"elementor-widget-container\">\n\t\t\t\t\t\t\t\t\t\t\t\t\t\t\t\t<a href=\"http:\/\/www.ula.ve\/\">\n\t\t\t\t\t\t\t<img decoding=\"async\" src=\"http:\/\/190.168.5.116\/webdoctoradofilosofia\/wp-content\/uploads\/elementor\/thumbs\/ula_logo1-purw83sae5niypbmy956cef1yle1fnxpmonvnsluss.png\" title=\"ula_logo1\" alt=\"ula_logo1\" loading=\"lazy\" \/>\t\t\t\t\t\t\t\t<\/a>\n\t\t\t\t\t\t\t\t\t\t\t\t\t\t\t<\/div>\n\t\t\t\t<\/div>\n\t\t\t\t\t<\/div>\n\t\t<\/div>\n\t\t\t\t\t<\/div>\n\t\t<\/section>\n\t\t\t\t\t<\/div>\n\t\t<\/div>\n\t\t\t\t\t<\/div>\n\t\t<\/section>\n\t\t\t\t<section class=\"elementor-section elementor-top-section elementor-element elementor-element-6785f070 elementor-section-content-middle elementor-section-boxed elementor-section-height-default elementor-section-height-default\" data-id=\"6785f070\" data-element_type=\"section\" data-settings=\"{&quot;background_background&quot;:&quot;classic&quot;}\">\n\t\t\t\t\t\t<div class=\"elementor-container elementor-column-gap-no\">\n\t\t\t\t\t<div class=\"elementor-column elementor-col-100 elementor-top-column elementor-element elementor-element-236a079\" data-id=\"236a079\" data-element_type=\"column\">\n\t\t\t<div class=\"elementor-widget-wrap elementor-element-populated\">\n\t\t\t\t\t\t<section class=\"elementor-section elementor-inner-section elementor-element elementor-element-0a0f2dc elementor-section-boxed elementor-section-height-default elementor-section-height-default\" data-id=\"0a0f2dc\" data-element_type=\"section\">\n\t\t\t\t\t\t<div class=\"elementor-container elementor-column-gap-default\">\n\t\t\t\t\t<div class=\"elementor-column elementor-col-50 elementor-inner-column elementor-element elementor-element-68b370d\" data-id=\"68b370d\" data-element_type=\"column\">\n\t\t\t<div class=\"elementor-widget-wrap elementor-element-populated\">\n\t\t\t\t\t\t<div class=\"elementor-element elementor-element-bd0cd4f elementor-widget elementor-widget-text-editor\" data-id=\"bd0cd4f\" data-element_type=\"widget\" data-widget_type=\"text-editor.default\">\n\t\t\t\t<div class=\"elementor-widget-container\">\n\t\t\t\t\t\t\t\t\t<p>Los doctorandos deber\u00e1n cursar 18 unidades cr\u00e9dito en seminarios. Cada seminario vale un cr\u00e9dito. Todos estos seminarios apuntan a la elaboraci\u00f3n de la tesis.<\/p><ol><li>Seminarios Obligatorios (SO).<\/li><li>Seminarios Electivos (SE).<\/li><li>Seminarios de investigaci\u00f3n de la tesis doctoral (ST), en los que se desarrollar\u00e1 la investigaci\u00f3n durante las sesiones de tutor\u00eda.<\/li><li>Adem\u00e1s de los cr\u00e9ditos obtenidos en estos seminarios, el doctorando obtendr\u00e1 tres unidades cr\u00e9dito por actividades acad\u00e9micas acreditables. Estas actividades son: seminarios dirigidos, art\u00edculos publicados y presentaciones realizadas en conferencias, congresos, simposios, etc., durante sus estudios doctorales.<\/li><li>Actividades de exposici\u00f3n de la tesis doctoral.<ul><li>Primer semestre: Presentaci\u00f3n del Proyecto de Investigaci\u00f3n de la tesis doctoral, elaborado con la asesor\u00eda del tutor. Este proyecto estar\u00e1 enmarcado dentro de las l\u00edneas de investigaci\u00f3n del doctorado y dentro de los proyectos y l\u00edneas de los profesores e investigadores del programa.<\/li><li>Segundo semestre: exposici\u00f3n del resultado del Seminario Tutorial, en el cual presentar\u00e1 el primer cap\u00edtulo de la tesis. Esta exposici\u00f3n tendr\u00e1 un valor de dos (2) unidades cr\u00e9ditos.<\/li><\/ul><\/li><\/ol>\t\t\t\t\t\t\t\t<\/div>\n\t\t\t\t<\/div>\n\t\t\t\t\t<\/div>\n\t\t<\/div>\n\t\t\t\t<div class=\"elementor-column elementor-col-50 elementor-inner-column elementor-element elementor-element-580ee07\" data-id=\"580ee07\" data-element_type=\"column\">\n\t\t\t<div class=\"elementor-widget-wrap elementor-element-populated\">\n\t\t\t\t\t\t<div class=\"elementor-element elementor-element-7fe7377 elementor-widget elementor-widget-text-editor\" data-id=\"7fe7377\" data-element_type=\"widget\" data-widget_type=\"text-editor.default\">\n\t\t\t\t<div class=\"elementor-widget-container\">\n\t\t\t\t\t\t\t\t\t<ul>\n<li style=\"list-style-type: none;\">\n<ul>\n<li>Tercer semestre: exposici\u00f3n del Avance de Tesis, que consistir\u00e1 en la presentaci\u00f3n del segundo cap\u00edtulo de la tesis. Esta exposici\u00f3n tendr\u00e1 un valor de dos (2) unidades cr\u00e9ditos.<\/li>\n<li>Cuarto semestre: exposici\u00f3n del Trabajo de Suficiencia Investigativa, el cual consistir\u00e1 en la presentaci\u00f3n del tercer cap\u00edtulo de la tesis. Esta exposici\u00f3n tendr\u00e1 el valor de diez (10) unidades cr\u00e9ditos.<\/li>\n<li>Quinto semestre: exposici\u00f3n del Examen de Candidatura, el cual consistir\u00e1 en la presentaci\u00f3n del \u00faltimo cap\u00edtulo y de la estructura definitiva del proyecto. El Examen de Candidatura tendr\u00e1 el valor de diez (10) unidades cr\u00e9ditos.<\/li>\n<li>Sexto semestre: Defensa p\u00fablica del proyecto de tesis. Para el momento de la Defensa de la Tesis el doctorando debe tener aprobados un m\u00ednimo de cuarenta y cinco (45) unidades cr\u00e9dito.<\/li>\n<li>En el transcurso de sus estudios doctorales, el doctorando deber\u00e1 publicar por lo menos dos art\u00edculos de investigaci\u00f3n en revistas reconocidas. La escritura de estos art\u00edculos debe ser asesorada por el tutor y pueden ser una publicaci\u00f3n conjunta entre doctorando y tutor.<\/li>\n<\/ul>\n<\/li>\n<\/ul>\t\t\t\t\t\t\t\t<\/div>\n\t\t\t\t<\/div>\n\t\t\t\t\t<\/div>\n\t\t<\/div>\n\t\t\t\t\t<\/div>\n\t\t<\/section>\n\t\t\t\t<div class=\"elementor-element elementor-element-ca936f6 elementor-widget elementor-widget-image\" data-id=\"ca936f6\" data-element_type=\"widget\" data-widget_type=\"image.default\">\n\t\t\t\t<div class=\"elementor-widget-container\">\n\t\t\t\t\t\t\t\t\t\t\t\t\t\t\t<img fetchpriority=\"high\" decoding=\"async\" width=\"518\" height=\"292\" src=\"http:\/\/190.168.5.116\/webdoctoradofilosofia\/wp-content\/uploads\/2022\/08\/d1.jpg\" class=\"attachment-large size-large wp-image-1143\" alt=\"\" srcset=\"http:\/\/190.168.5.116\/webdoctoradofilosofia\/wp-content\/uploads\/2022\/08\/d1.jpg 518w, http:\/\/190.168.5.116\/webdoctoradofilosofia\/wp-content\/uploads\/2022\/08\/d1-300x169.jpg 300w\" sizes=\"(max-width: 518px) 100vw, 518px\" \/>\t\t\t\t\t\t\t\t\t\t\t\t\t\t\t<\/div>\n\t\t\t\t<\/div>\n\t\t\t\t<div class=\"elementor-element elementor-element-e27b5b6 elementor-widget elementor-widget-image\" data-id=\"e27b5b6\" data-element_type=\"widget\" data-widget_type=\"image.default\">\n\t\t\t\t<div class=\"elementor-widget-container\">\n\t\t\t\t\t\t\t\t\t\t\t\t\t\t\t<img decoding=\"async\" width=\"532\" height=\"312\" src=\"http:\/\/190.168.5.116\/webdoctoradofilosofia\/wp-content\/uploads\/2022\/08\/d2.jpg\" class=\"attachment-large size-large wp-image-1144\" alt=\"\" srcset=\"http:\/\/190.168.5.116\/webdoctoradofilosofia\/wp-content\/uploads\/2022\/08\/d2.jpg 532w, http:\/\/190.168.5.116\/webdoctoradofilosofia\/wp-content\/uploads\/2022\/08\/d2-300x176.jpg 300w\" sizes=\"(max-width: 532px) 100vw, 532px\" \/>\t\t\t\t\t\t\t\t\t\t\t\t\t\t\t<\/div>\n\t\t\t\t<\/div>\n\t\t\t\t\t<\/div>\n\t\t<\/div>\n\t\t\t\t\t<\/div>\n\t\t<\/section>\n\t\t\t\t<section class=\"elementor-section elementor-top-section elementor-element elementor-element-b5a75c1 elementor-section-boxed elementor-section-height-default elementor-section-height-default\" data-id=\"b5a75c1\" data-element_type=\"section\">\n\t\t\t\t\t\t<div class=\"elementor-container elementor-column-gap-default\">\n\t\t\t\t\t<div class=\"elementor-column elementor-col-100 elementor-top-column elementor-element elementor-element-060b0db\" data-id=\"060b0db\" data-element_type=\"column\">\n\t\t\t<div class=\"elementor-widget-wrap elementor-element-populated\">\n\t\t\t\t\t\t<section class=\"elementor-section elementor-inner-section elementor-element elementor-element-44d53fe elementor-section-boxed elementor-section-height-default elementor-section-height-default\" data-id=\"44d53fe\" data-element_type=\"section\">\n\t\t\t\t\t\t<div class=\"elementor-container elementor-column-gap-default\">\n\t\t\t\t\t<div class=\"elementor-column elementor-col-33 elementor-inner-column elementor-element elementor-element-c930db1\" data-id=\"c930db1\" data-element_type=\"column\">\n\t\t\t<div class=\"elementor-widget-wrap elementor-element-populated\">\n\t\t\t\t\t\t<div class=\"elementor-element elementor-element-c232489 elementor-widget elementor-widget-image\" data-id=\"c232489\" data-element_type=\"widget\" data-widget_type=\"image.default\">\n\t\t\t\t<div class=\"elementor-widget-container\">\n\t\t\t\t\t\t\t\t\t\t\t\t\t\t\t<img decoding=\"async\" width=\"810\" height=\"198\" src=\"http:\/\/190.168.5.116\/webdoctoradofilosofia\/wp-content\/uploads\/2022\/07\/buho.png\" class=\"attachment-large size-large wp-image-1055\" alt=\"\" srcset=\"http:\/\/190.168.5.116\/webdoctoradofilosofia\/wp-content\/uploads\/2022\/07\/buho.png 810w, http:\/\/190.168.5.116\/webdoctoradofilosofia\/wp-content\/uploads\/2022\/07\/buho-300x73.png 300w, http:\/\/190.168.5.116\/webdoctoradofilosofia\/wp-content\/uploads\/2022\/07\/buho-768x188.png 768w\" sizes=\"(max-width: 810px) 100vw, 810px\" \/>\t\t\t\t\t\t\t\t\t\t\t\t\t\t\t<\/div>\n\t\t\t\t<\/div>\n\t\t\t\t\t<\/div>\n\t\t<\/div>\n\t\t\t\t<div class=\"elementor-column elementor-col-33 elementor-inner-column elementor-element elementor-element-e79433d\" data-id=\"e79433d\" data-element_type=\"column\">\n\t\t\t<div class=\"elementor-widget-wrap elementor-element-populated\">\n\t\t\t\t\t\t<div class=\"elementor-element elementor-element-e7374b8 elementor-widget elementor-widget-image\" data-id=\"e7374b8\" data-element_type=\"widget\" data-widget_type=\"image.default\">\n\t\t\t\t<div class=\"elementor-widget-container\">\n\t\t\t\t\t\t\t\t\t\t\t\t\t\t\t<img loading=\"lazy\" decoding=\"async\" width=\"908\" height=\"196\" src=\"http:\/\/190.168.5.116\/webdoctoradofilosofia\/wp-content\/uploads\/2022\/05\/cropped-Facultad-de-Humanidades-y-Educacion.jpg\" class=\"attachment-large size-large wp-image-664\" alt=\"\" srcset=\"http:\/\/190.168.5.116\/webdoctoradofilosofia\/wp-content\/uploads\/2022\/05\/cropped-Facultad-de-Humanidades-y-Educacion.jpg 908w, http:\/\/190.168.5.116\/webdoctoradofilosofia\/wp-content\/uploads\/2022\/05\/cropped-Facultad-de-Humanidades-y-Educacion-300x65.jpg 300w, http:\/\/190.168.5.116\/webdoctoradofilosofia\/wp-content\/uploads\/2022\/05\/cropped-Facultad-de-Humanidades-y-Educacion-768x166.jpg 768w\" sizes=\"(max-width: 908px) 100vw, 908px\" \/>\t\t\t\t\t\t\t\t\t\t\t\t\t\t\t<\/div>\n\t\t\t\t<\/div>\n\t\t\t\t\t<\/div>\n\t\t<\/div>\n\t\t\t\t<div class=\"elementor-column elementor-col-33 elementor-inner-column elementor-element elementor-element-c9e21b9\" data-id=\"c9e21b9\" data-element_type=\"column\">\n\t\t\t<div class=\"elementor-widget-wrap elementor-element-populated\">\n\t\t\t\t\t\t<div class=\"elementor-element elementor-element-18f2566 elementor-widget elementor-widget-image\" data-id=\"18f2566\" data-element_type=\"widget\" data-widget_type=\"image.default\">\n\t\t\t\t<div class=\"elementor-widget-container\">\n\t\t\t\t\t\t\t\t\t\t\t\t\t\t\t<img loading=\"lazy\" decoding=\"async\" width=\"810\" height=\"198\" src=\"http:\/\/190.168.5.116\/webdoctoradofilosofia\/wp-content\/uploads\/2022\/07\/docto-1.png\" class=\"attachment-large size-large wp-image-1056\" alt=\"\" srcset=\"http:\/\/190.168.5.116\/webdoctoradofilosofia\/wp-content\/uploads\/2022\/07\/docto-1.png 810w, http:\/\/190.168.5.116\/webdoctoradofilosofia\/wp-content\/uploads\/2022\/07\/docto-1-300x73.png 300w, http:\/\/190.168.5.116\/webdoctoradofilosofia\/wp-content\/uploads\/2022\/07\/docto-1-768x188.png 768w\" sizes=\"(max-width: 810px) 100vw, 810px\" \/>\t\t\t\t\t\t\t\t\t\t\t\t\t\t\t<\/div>\n\t\t\t\t<\/div>\n\t\t\t\t\t<\/div>\n\t\t<\/div>\n\t\t\t\t\t<\/div>\n\t\t<\/section>\n\t\t\t\t\t<\/div>\n\t\t<\/div>\n\t\t\t\t\t<\/div>\n\t\t<\/section>\n\t\t\t\t<\/div>\n\t\t","protected":false},"excerpt":{"rendered":"<p>Plan de actividades acad\u00e9micas Los doctorandos deber\u00e1n cursar 18 unidades cr\u00e9dito en seminarios. Cada seminario vale un cr\u00e9dito. Todos estos seminarios apuntan a la elaboraci\u00f3n de la tesis. Seminarios Obligatorios (SO). Seminarios Electivos (SE). Seminarios de investigaci\u00f3n de la tesis doctoral (ST), en los que se desarrollar\u00e1 la investigaci\u00f3n durante las sesiones de tutor\u00eda. Adem\u00e1s &hellip;<\/p>\n<p class=\"read-more\"> <a class=\"\" href=\"http:\/\/190.168.5.116\/webdoctoradofilosofia\/plan\/\"> <span class=\"screen-reader-text\">Plan de Actividades<\/span> Leer m\u00e1s &raquo;<\/a><\/p>\n","protected":false},"author":1,"featured_media":0,"parent":0,"menu_order":0,"comment_status":"closed","ping_status":"closed","template":"","meta":{"site-sidebar-layout":"default","site-content-layout":"page-builder","ast-global-header-display":"","ast-main-header-display":"","ast-hfb-above-header-display":"","ast-hfb-below-header-display":"","ast-hfb-mobile-header-display":"","site-post-title":"disabled","ast-breadcrumbs-content":"","ast-featured-img":"disabled","footer-sml-layout":"","theme-transparent-header-meta":"enabled","adv-header-id-meta":"","stick-header-meta":"","header-above-stick-meta":"","header-main-stick-meta":"","header-below-stick-meta":"","footnotes":""},"class_list":["post-1151","page","type-page","status-publish","hentry"],"_links":{"self":[{"href":"http:\/\/190.168.5.116\/webdoctoradofilosofia\/wp-json\/wp\/v2\/pages\/1151","targetHints":{"allow":["GET"]}}],"collection":[{"href":"http:\/\/190.168.5.116\/webdoctoradofilosofia\/wp-json\/wp\/v2\/pages"}],"about":[{"href":"http:\/\/190.168.5.116\/webdoctoradofilosofia\/wp-json\/wp\/v2\/types\/page"}],"author":[{"embeddable":true,"href":"http:\/\/190.168.5.116\/webdoctoradofilosofia\/wp-json\/wp\/v2\/users\/1"}],"replies":[{"embeddable":true,"href":"http:\/\/190.168.5.116\/webdoctoradofilosofia\/wp-json\/wp\/v2\/comments?post=1151"}],"version-history":[{"count":23,"href":"http:\/\/190.168.5.116\/webdoctoradofilosofia\/wp-json\/wp\/v2\/pages\/1151\/revisions"}],"predecessor-version":[{"id":1466,"href":"http:\/\/190.168.5.116\/webdoctoradofilosofia\/wp-json\/wp\/v2\/pages\/1151\/revisions\/1466"}],"wp:attachment":[{"href":"http:\/\/190.168.5.116\/webdoctoradofilosofia\/wp-json\/wp\/v2\/media?parent=1151"}],"curies":[{"name":"wp","href":"https:\/\/api.w.org\/{rel}","templated":true}]}}