{"id":1173,"date":"2022-08-30T12:37:40","date_gmt":"2022-08-30T12:37:40","guid":{"rendered":"http:\/\/190.168.5.116\/webdoctoradofilosofia\/?page_id=1173"},"modified":"2022-12-15T16:16:10","modified_gmt":"2022-12-15T16:16:10","slug":"matricula","status":"publish","type":"page","link":"http:\/\/190.168.5.116\/webdoctoradofilosofia\/matricula\/","title":{"rendered":"Matricula y Costos"},"content":{"rendered":"\t\t<div data-elementor-type=\"wp-post\" data-elementor-id=\"1173\" class=\"elementor elementor-1173\">\n\t\t\t\t\t\t<section class=\"elementor-section elementor-top-section elementor-element elementor-element-1f144ab elementor-section-content-middle elementor-section-boxed elementor-section-height-default elementor-section-height-default\" data-id=\"1f144ab\" data-element_type=\"section\" data-settings=\"{&quot;background_background&quot;:&quot;classic&quot;}\">\n\t\t\t\t\t\t\t<div class=\"elementor-background-overlay\"><\/div>\n\t\t\t\t\t\t\t<div class=\"elementor-container elementor-column-gap-no\">\n\t\t\t\t\t<div class=\"elementor-column elementor-col-100 elementor-top-column elementor-element elementor-element-25d7886\" data-id=\"25d7886\" data-element_type=\"column\">\n\t\t\t<div class=\"elementor-widget-wrap elementor-element-populated\">\n\t\t\t\t\t\t<section class=\"elementor-section elementor-inner-section elementor-element elementor-element-f1c21d9 elementor-section-boxed elementor-section-height-default elementor-section-height-default\" data-id=\"f1c21d9\" data-element_type=\"section\">\n\t\t\t\t\t\t<div class=\"elementor-container elementor-column-gap-default\">\n\t\t\t\t\t<div class=\"elementor-column elementor-col-50 elementor-inner-column elementor-element elementor-element-a9d8ecf\" data-id=\"a9d8ecf\" data-element_type=\"column\">\n\t\t\t<div class=\"elementor-widget-wrap elementor-element-populated\">\n\t\t\t\t\t\t<div class=\"elementor-element elementor-element-eaea836 elementor-widget elementor-widget-heading\" data-id=\"eaea836\" data-element_type=\"widget\" data-widget_type=\"heading.default\">\n\t\t\t\t<div class=\"elementor-widget-container\">\n\t\t\t\t\t<h1 class=\"elementor-heading-title elementor-size-default\">Matricula y Costos<\/h1>\t\t\t\t<\/div>\n\t\t\t\t<\/div>\n\t\t\t\t\t<\/div>\n\t\t<\/div>\n\t\t\t\t<div class=\"elementor-column elementor-col-50 elementor-inner-column elementor-element elementor-element-5b091c3\" data-id=\"5b091c3\" data-element_type=\"column\">\n\t\t\t<div class=\"elementor-widget-wrap elementor-element-populated\">\n\t\t\t\t\t\t<div class=\"elementor-element elementor-element-ec3784b elementor-widget elementor-widget-image\" data-id=\"ec3784b\" data-element_type=\"widget\" data-widget_type=\"image.default\">\n\t\t\t\t<div class=\"elementor-widget-container\">\n\t\t\t\t\t\t\t\t\t\t\t\t\t\t\t\t<a href=\"http:\/\/www.ula.ve\/\">\n\t\t\t\t\t\t\t<img decoding=\"async\" src=\"http:\/\/190.168.5.116\/webdoctoradofilosofia\/wp-content\/uploads\/elementor\/thumbs\/ula_logo1-purw83sae5niypbmy956cef1yle1fnxpmonvnsluss.png\" title=\"ula_logo1\" alt=\"ula_logo1\" loading=\"lazy\" \/>\t\t\t\t\t\t\t\t<\/a>\n\t\t\t\t\t\t\t\t\t\t\t\t\t\t\t<\/div>\n\t\t\t\t<\/div>\n\t\t\t\t\t<\/div>\n\t\t<\/div>\n\t\t\t\t\t<\/div>\n\t\t<\/section>\n\t\t\t\t\t<\/div>\n\t\t<\/div>\n\t\t\t\t\t<\/div>\n\t\t<\/section>\n\t\t\t\t<section class=\"elementor-section elementor-top-section elementor-element elementor-element-6785f070 elementor-section-content-middle elementor-section-boxed elementor-section-height-default elementor-section-height-default\" data-id=\"6785f070\" data-element_type=\"section\" data-settings=\"{&quot;background_background&quot;:&quot;classic&quot;}\">\n\t\t\t\t\t\t<div class=\"elementor-container elementor-column-gap-no\">\n\t\t\t\t\t<div class=\"elementor-column elementor-col-100 elementor-top-column elementor-element elementor-element-236a079\" data-id=\"236a079\" data-element_type=\"column\">\n\t\t\t<div class=\"elementor-widget-wrap elementor-element-populated\">\n\t\t\t\t\t\t<div class=\"elementor-element elementor-element-bd0cd4f elementor-widget elementor-widget-text-editor\" data-id=\"bd0cd4f\" data-element_type=\"widget\" data-widget_type=\"text-editor.default\">\n\t\t\t\t<div class=\"elementor-widget-container\">\n\t\t\t\t\t\t\t\t\t<p>Si desea obtener informaci\u00f3n acerca de los costos de la matr\u00edcula del doctorado, env\u00ede un correo electr\u00f3nico a la siguiente direcci\u00f3n: <strong>doctoradofilosofiaula@gmail.com<\/strong>. En Asunto, escriba: \u201cCostos matr\u00edcula Doctorado en Filosof\u00eda\u201d, y en el cuerpo del correo incluya la siguiente informaci\u00f3n:<\/p><ul><li>Nombre completo<\/li><li>Direcci\u00f3n de habitaci\u00f3n<\/li><\/ul>\t\t\t\t\t\t\t\t<\/div>\n\t\t\t\t<\/div>\n\t\t\t\t\t<\/div>\n\t\t<\/div>\n\t\t\t\t\t<\/div>\n\t\t<\/section>\n\t\t\t\t<section class=\"elementor-section elementor-top-section elementor-element elementor-element-b5a75c1 elementor-section-boxed elementor-section-height-default elementor-section-height-default\" data-id=\"b5a75c1\" data-element_type=\"section\">\n\t\t\t\t\t\t<div class=\"elementor-container elementor-column-gap-default\">\n\t\t\t\t\t<div class=\"elementor-column elementor-col-100 elementor-top-column elementor-element elementor-element-060b0db\" data-id=\"060b0db\" data-element_type=\"column\">\n\t\t\t<div class=\"elementor-widget-wrap elementor-element-populated\">\n\t\t\t\t\t\t<section class=\"elementor-section elementor-inner-section elementor-element elementor-element-44d53fe elementor-section-boxed elementor-section-height-default elementor-section-height-default\" data-id=\"44d53fe\" data-element_type=\"section\">\n\t\t\t\t\t\t<div class=\"elementor-container elementor-column-gap-default\">\n\t\t\t\t\t<div class=\"elementor-column elementor-col-33 elementor-inner-column elementor-element elementor-element-c930db1\" data-id=\"c930db1\" data-element_type=\"column\">\n\t\t\t<div class=\"elementor-widget-wrap elementor-element-populated\">\n\t\t\t\t\t\t<div class=\"elementor-element elementor-element-c232489 elementor-widget elementor-widget-image\" data-id=\"c232489\" data-element_type=\"widget\" data-widget_type=\"image.default\">\n\t\t\t\t<div class=\"elementor-widget-container\">\n\t\t\t\t\t\t\t\t\t\t\t\t\t\t\t<img fetchpriority=\"high\" decoding=\"async\" width=\"810\" height=\"198\" src=\"http:\/\/190.168.5.116\/webdoctoradofilosofia\/wp-content\/uploads\/2022\/07\/buho.png\" class=\"attachment-large size-large wp-image-1055\" alt=\"\" srcset=\"http:\/\/190.168.5.116\/webdoctoradofilosofia\/wp-content\/uploads\/2022\/07\/buho.png 810w, http:\/\/190.168.5.116\/webdoctoradofilosofia\/wp-content\/uploads\/2022\/07\/buho-300x73.png 300w, http:\/\/190.168.5.116\/webdoctoradofilosofia\/wp-content\/uploads\/2022\/07\/buho-768x188.png 768w\" sizes=\"(max-width: 810px) 100vw, 810px\" \/>\t\t\t\t\t\t\t\t\t\t\t\t\t\t\t<\/div>\n\t\t\t\t<\/div>\n\t\t\t\t\t<\/div>\n\t\t<\/div>\n\t\t\t\t<div class=\"elementor-column elementor-col-33 elementor-inner-column elementor-element elementor-element-e79433d\" data-id=\"e79433d\" data-element_type=\"column\">\n\t\t\t<div class=\"elementor-widget-wrap elementor-element-populated\">\n\t\t\t\t\t\t<div class=\"elementor-element elementor-element-e7374b8 elementor-widget elementor-widget-image\" data-id=\"e7374b8\" data-element_type=\"widget\" data-widget_type=\"image.default\">\n\t\t\t\t<div class=\"elementor-widget-container\">\n\t\t\t\t\t\t\t\t\t\t\t\t\t\t\t<img decoding=\"async\" width=\"908\" height=\"196\" src=\"http:\/\/190.168.5.116\/webdoctoradofilosofia\/wp-content\/uploads\/2022\/05\/cropped-Facultad-de-Humanidades-y-Educacion.jpg\" class=\"attachment-large size-large wp-image-664\" alt=\"\" srcset=\"http:\/\/190.168.5.116\/webdoctoradofilosofia\/wp-content\/uploads\/2022\/05\/cropped-Facultad-de-Humanidades-y-Educacion.jpg 908w, http:\/\/190.168.5.116\/webdoctoradofilosofia\/wp-content\/uploads\/2022\/05\/cropped-Facultad-de-Humanidades-y-Educacion-300x65.jpg 300w, http:\/\/190.168.5.116\/webdoctoradofilosofia\/wp-content\/uploads\/2022\/05\/cropped-Facultad-de-Humanidades-y-Educacion-768x166.jpg 768w\" sizes=\"(max-width: 908px) 100vw, 908px\" \/>\t\t\t\t\t\t\t\t\t\t\t\t\t\t\t<\/div>\n\t\t\t\t<\/div>\n\t\t\t\t\t<\/div>\n\t\t<\/div>\n\t\t\t\t<div class=\"elementor-column elementor-col-33 elementor-inner-column elementor-element elementor-element-c9e21b9\" data-id=\"c9e21b9\" data-element_type=\"column\">\n\t\t\t<div class=\"elementor-widget-wrap elementor-element-populated\">\n\t\t\t\t\t\t<div class=\"elementor-element elementor-element-18f2566 elementor-widget elementor-widget-image\" data-id=\"18f2566\" data-element_type=\"widget\" data-widget_type=\"image.default\">\n\t\t\t\t<div class=\"elementor-widget-container\">\n\t\t\t\t\t\t\t\t\t\t\t\t\t\t\t<img decoding=\"async\" width=\"810\" height=\"198\" src=\"http:\/\/190.168.5.116\/webdoctoradofilosofia\/wp-content\/uploads\/2022\/07\/docto-1.png\" class=\"attachment-large size-large wp-image-1056\" alt=\"\" srcset=\"http:\/\/190.168.5.116\/webdoctoradofilosofia\/wp-content\/uploads\/2022\/07\/docto-1.png 810w, http:\/\/190.168.5.116\/webdoctoradofilosofia\/wp-content\/uploads\/2022\/07\/docto-1-300x73.png 300w, http:\/\/190.168.5.116\/webdoctoradofilosofia\/wp-content\/uploads\/2022\/07\/docto-1-768x188.png 768w\" sizes=\"(max-width: 810px) 100vw, 810px\" \/>\t\t\t\t\t\t\t\t\t\t\t\t\t\t\t<\/div>\n\t\t\t\t<\/div>\n\t\t\t\t\t<\/div>\n\t\t<\/div>\n\t\t\t\t\t<\/div>\n\t\t<\/section>\n\t\t\t\t\t<\/div>\n\t\t<\/div>\n\t\t\t\t\t<\/div>\n\t\t<\/section>\n\t\t\t\t<\/div>\n\t\t","protected":false},"excerpt":{"rendered":"<p>Matricula y Costos Si desea obtener informaci\u00f3n acerca de los costos de la matr\u00edcula del doctorado, env\u00ede un correo electr\u00f3nico a la siguiente direcci\u00f3n: doctoradofilosofiaula@gmail.com. En Asunto, escriba: \u201cCostos matr\u00edcula Doctorado en Filosof\u00eda\u201d, y en el cuerpo del correo incluya la siguiente informaci\u00f3n: Nombre completo Direcci\u00f3n de habitaci\u00f3n<\/p>\n","protected":false},"author":1,"featured_media":0,"parent":0,"menu_order":0,"comment_status":"closed","ping_status":"closed","template":"","meta":{"site-sidebar-layout":"default","site-content-layout":"page-builder","ast-global-header-display":"","ast-main-header-display":"","ast-hfb-above-header-display":"","ast-hfb-below-header-display":"","ast-hfb-mobile-header-display":"","site-post-title":"disabled","ast-breadcrumbs-content":"","ast-featured-img":"disabled","footer-sml-layout":"","theme-transparent-header-meta":"enabled","adv-header-id-meta":"","stick-header-meta":"","header-above-stick-meta":"","header-main-stick-meta":"","header-below-stick-meta":"","footnotes":""},"class_list":["post-1173","page","type-page","status-publish","hentry"],"_links":{"self":[{"href":"http:\/\/190.168.5.116\/webdoctoradofilosofia\/wp-json\/wp\/v2\/pages\/1173","targetHints":{"allow":["GET"]}}],"collection":[{"href":"http:\/\/190.168.5.116\/webdoctoradofilosofia\/wp-json\/wp\/v2\/pages"}],"about":[{"href":"http:\/\/190.168.5.116\/webdoctoradofilosofia\/wp-json\/wp\/v2\/types\/page"}],"author":[{"embeddable":true,"href":"http:\/\/190.168.5.116\/webdoctoradofilosofia\/wp-json\/wp\/v2\/users\/1"}],"replies":[{"embeddable":true,"href":"http:\/\/190.168.5.116\/webdoctoradofilosofia\/wp-json\/wp\/v2\/comments?post=1173"}],"version-history":[{"count":13,"href":"http:\/\/190.168.5.116\/webdoctoradofilosofia\/wp-json\/wp\/v2\/pages\/1173\/revisions"}],"predecessor-version":[{"id":1682,"href":"http:\/\/190.168.5.116\/webdoctoradofilosofia\/wp-json\/wp\/v2\/pages\/1173\/revisions\/1682"}],"wp:attachment":[{"href":"http:\/\/190.168.5.116\/webdoctoradofilosofia\/wp-json\/wp\/v2\/media?parent=1173"}],"curies":[{"name":"wp","href":"https:\/\/api.w.org\/{rel}","templated":true}]}}