{"id":856,"date":"2022-07-28T12:20:53","date_gmt":"2022-07-28T12:20:53","guid":{"rendered":"http:\/\/190.168.5.116\/webdoctoradofilosofia\/?page_id=856"},"modified":"2022-07-28T12:28:16","modified_gmt":"2022-07-28T12:28:16","slug":"dr-jose-francisco","status":"publish","type":"page","link":"http:\/\/190.168.5.116\/webdoctoradofilosofia\/dr-jose-francisco\/","title":{"rendered":"DR JOS\u00c9 FRANCISCO"},"content":{"rendered":"\t\t<div data-elementor-type=\"wp-page\" data-elementor-id=\"856\" class=\"elementor elementor-856\">\n\t\t\t\t\t\t<section class=\"elementor-section elementor-top-section elementor-element elementor-element-c2f3f7c elementor-section-boxed elementor-section-height-default elementor-section-height-default\" data-id=\"c2f3f7c\" data-element_type=\"section\">\n\t\t\t\t\t\t<div class=\"elementor-container elementor-column-gap-default\">\n\t\t\t\t\t<div class=\"elementor-column elementor-col-100 elementor-top-column elementor-element elementor-element-c08b5b2\" data-id=\"c08b5b2\" data-element_type=\"column\">\n\t\t\t<div class=\"elementor-widget-wrap elementor-element-populated\">\n\t\t\t\t\t\t<section class=\"elementor-section elementor-inner-section elementor-element elementor-element-7f6f098 elementor-section-boxed elementor-section-height-default elementor-section-height-default\" data-id=\"7f6f098\" data-element_type=\"section\">\n\t\t\t\t\t\t<div class=\"elementor-container elementor-column-gap-default\">\n\t\t\t\t\t<div class=\"elementor-column elementor-col-50 elementor-inner-column elementor-element elementor-element-7494b5d\" data-id=\"7494b5d\" data-element_type=\"column\">\n\t\t\t<div class=\"elementor-widget-wrap elementor-element-populated\">\n\t\t\t\t\t\t<div class=\"elementor-element elementor-element-3a1c3b5 elementor-widget elementor-widget-image\" data-id=\"3a1c3b5\" data-element_type=\"widget\" data-widget_type=\"image.default\">\n\t\t\t\t<div class=\"elementor-widget-container\">\n\t\t\t\t\t\t\t\t\t\t\t\t\t\t\t<img fetchpriority=\"high\" decoding=\"async\" width=\"362\" height=\"448\" src=\"http:\/\/190.168.5.116\/webdoctoradofilosofia\/wp-content\/uploads\/2022\/07\/Dr.-Jose-Francisco-Guerrero-Lobo-1.jpg\" class=\"attachment-large size-large wp-image-789\" alt=\"\" srcset=\"http:\/\/190.168.5.116\/webdoctoradofilosofia\/wp-content\/uploads\/2022\/07\/Dr.-Jose-Francisco-Guerrero-Lobo-1.jpg 362w, http:\/\/190.168.5.116\/webdoctoradofilosofia\/wp-content\/uploads\/2022\/07\/Dr.-Jose-Francisco-Guerrero-Lobo-1-242x300.jpg 242w\" sizes=\"(max-width: 362px) 100vw, 362px\" \/>\t\t\t\t\t\t\t\t\t\t\t\t\t\t\t<\/div>\n\t\t\t\t<\/div>\n\t\t\t\t\t<\/div>\n\t\t<\/div>\n\t\t\t\t<div class=\"elementor-column elementor-col-50 elementor-inner-column elementor-element elementor-element-cadbbd8\" data-id=\"cadbbd8\" data-element_type=\"column\">\n\t\t\t<div class=\"elementor-widget-wrap elementor-element-populated\">\n\t\t\t\t\t\t<div class=\"elementor-element elementor-element-60d17c7 elementor-widget elementor-widget-heading\" data-id=\"60d17c7\" data-element_type=\"widget\" data-widget_type=\"heading.default\">\n\t\t\t\t<div class=\"elementor-widget-container\">\n\t\t\t\t\t<h2 class=\"elementor-heading-title elementor-size-default\">DR JOS\u00c9 FRANCISCO<\/h2>\t\t\t\t<\/div>\n\t\t\t\t<\/div>\n\t\t\t\t<div class=\"elementor-element elementor-element-42ba564 elementor-widget elementor-widget-heading\" data-id=\"42ba564\" data-element_type=\"widget\" data-widget_type=\"heading.default\">\n\t\t\t\t<div class=\"elementor-widget-container\">\n\t\t\t\t\t<h4 class=\"elementor-heading-title elementor-size-default\">\u00c1reas de Investigaci\u00f3n y temas de inter\u00e9s <\/h4>\t\t\t\t<\/div>\n\t\t\t\t<\/div>\n\t\t\t\t<div class=\"elementor-element elementor-element-b33e85d elementor-widget elementor-widget-text-editor\" data-id=\"b33e85d\" data-element_type=\"widget\" data-widget_type=\"text-editor.default\">\n\t\t\t\t<div class=\"elementor-widget-container\">\n\t\t\t\t\t\t\t\t\t<ul><li>Nietzsche<\/li><li>Byung Chul Han<\/li><li>Hannah Arendt<\/li><li>Hans-Georg Gadamer<\/li><li>Giorgio Agamben<\/li><li>Maquiavelo<\/li><li>Her\u00e1clito<\/li><li>Arist\u00f3teles<\/li><li>Ontolog\u00eda<\/li><li>\u00c9tica<\/li><li>Filosof\u00eda contempor\u00e1nea<\/li><li>Filosof\u00eda pol\u00edtica<\/li><li>Est\u00e9tica<\/li><\/ul>\t\t\t\t\t\t\t\t<\/div>\n\t\t\t\t<\/div>\n\t\t\t\t\t<\/div>\n\t\t<\/div>\n\t\t\t\t\t<\/div>\n\t\t<\/section>\n\t\t\t\t<section class=\"elementor-section elementor-inner-section elementor-element elementor-element-1478b47 elementor-section-boxed elementor-section-height-default elementor-section-height-default\" data-id=\"1478b47\" data-element_type=\"section\">\n\t\t\t\t\t\t<div class=\"elementor-container elementor-column-gap-default\">\n\t\t\t\t\t<div class=\"elementor-column elementor-col-100 elementor-inner-column elementor-element elementor-element-e4b9376\" data-id=\"e4b9376\" data-element_type=\"column\">\n\t\t\t<div class=\"elementor-widget-wrap elementor-element-populated\">\n\t\t\t\t\t\t<div class=\"elementor-element elementor-element-f8d3b6c elementor-widget elementor-widget-heading\" data-id=\"f8d3b6c\" data-element_type=\"widget\" data-widget_type=\"heading.default\">\n\t\t\t\t<div class=\"elementor-widget-container\">\n\t\t\t\t\t<h4 class=\"elementor-heading-title elementor-size-default\">Ha dictado los siguientes Seminarios<\/h4>\t\t\t\t<\/div>\n\t\t\t\t<\/div>\n\t\t\t\t<div class=\"elementor-element elementor-element-0693949 elementor-widget elementor-widget-text-editor\" data-id=\"0693949\" data-element_type=\"widget\" data-widget_type=\"text-editor.default\">\n\t\t\t\t<div class=\"elementor-widget-container\">\n\t\t\t\t\t\t\t\t\t<ul><li>Seminario del Doctorado en Filosof\u00eda: <em>El desinter\u00e9s en la Filosof\u00eda de Friedrich Nietzsche 2016<\/em>. ULA<\/li><li>Seminario en la <em>Maestr\u00eda de filosof\u00eda sobre Emmanuel Kant. S. B. 2016. <\/em>ULA.<\/li><li>Seminario Doctoral <em>Nietzsche: El sin-inter\u00e9s en el Crep\u00fasculo de los \u00cddolos<\/em>. Febrero a Mayo del 2016.<\/li><li>Seminario Doctoral <em>Nietzsche: Crep\u00fasculo de los \u00cddolos<\/em>. Octubre a Diciembre 2016 y, Febrero a Marzo 2017.<\/li><li>Seminario Doctoral <em>Nietzsche y Maquiavelo: Filosof\u00eda del Poder<\/em>. Septiembre a Noviembre 2017.<\/li><li>Seminario Doctoral <em>Hannah Arendt: Juicios Est\u00e9ticos y Juicios Hist\u00f3rico-Pol\u00edticos<\/em>. Febrero a Marzo 2018.<\/li><li>Seminario Doctoral\u00a0 <em>Maquiavelo V: El Pr\u00edncipe, los Discorsi y la Filosof\u00eda Pol\u00edtica Actual<\/em>. D\u00edas 14,15 y 16 de Marzo del 2018.<\/li><li>Seminario Doctoral\u00a0 <em>Tuc\u00eddides y Maquiavelo. Reflexiones sobre el poder<\/em>. Mayo a Julio 2018.<\/li><li>Seminario Doctoral <em>Nietzsche. M\u00e1s all\u00e1 del bien y el mal\u00a0 Lectura del presente<\/em>. Octubre a Diciembre 2018 Facultad de Humanidades y Educaci\u00f3n, ULA. M\u00e9rida, Venezuela.<\/li><li>Desde 2005 hasta 2021. Investigador y evaluador de proyecto de Investigaci\u00f3n del Centro de Investigaciones Est\u00e9ticas de Universidad de Los Andes. Actualmente miembro de la Coordinaci\u00f3n del Doctorado de Filosof\u00eda. M\u00e9rida, Venezuela.<\/li><li>Evaluador de cuatro (4) proyectos de Investigaci\u00f3n de Vicerrector\u00eda Acad\u00e9mica. Direcci\u00f3n general de investigaci\u00f3n y postgrado. Coordinaci\u00f3n de investigaci\u00f3n de la Universidad del ALBA. Santiago de Chile. Chile.<\/li><\/ul>\t\t\t\t\t\t\t\t<\/div>\n\t\t\t\t<\/div>\n\t\t\t\t\t<\/div>\n\t\t<\/div>\n\t\t\t\t\t<\/div>\n\t\t<\/section>\n\t\t\t\t<section class=\"elementor-section elementor-inner-section elementor-element elementor-element-b15aa30 elementor-section-boxed elementor-section-height-default elementor-section-height-default\" data-id=\"b15aa30\" data-element_type=\"section\">\n\t\t\t\t\t\t<div class=\"elementor-container elementor-column-gap-default\">\n\t\t\t\t\t<div class=\"elementor-column elementor-col-100 elementor-inner-column elementor-element elementor-element-9e0bce3\" data-id=\"9e0bce3\" data-element_type=\"column\">\n\t\t\t<div class=\"elementor-widget-wrap elementor-element-populated\">\n\t\t\t\t\t\t<div class=\"elementor-element elementor-element-e2cbed9 elementor-widget elementor-widget-heading\" data-id=\"e2cbed9\" data-element_type=\"widget\" data-widget_type=\"heading.default\">\n\t\t\t\t<div class=\"elementor-widget-container\">\n\t\t\t\t\t<h4 class=\"elementor-heading-title elementor-size-default\">Ponente<\/h4>\t\t\t\t<\/div>\n\t\t\t\t<\/div>\n\t\t\t\t<div class=\"elementor-element elementor-element-4bfb5c6 elementor-widget elementor-widget-text-editor\" data-id=\"4bfb5c6\" data-element_type=\"widget\" data-widget_type=\"text-editor.default\">\n\t\t\t\t<div class=\"elementor-widget-container\">\n\t\t\t\t\t\t\t\t\t<ul><li><p><em>El Her\u00e1clito de Nietzsche en la obra La Filosof\u00eda en la \u00e9poca tr\u00e1gica de los griegos<\/em> en el Segundo Encuentro Iberoamericano de Estudiantes de Filosof\u00eda, realizado en Maracaibo-Venezuela del 03 al 07 de abril de 2006. Organizado por Universidad Cat\u00f3lica Cecilio Acosta.<\/p><\/li><li><p><em style=\"font-size: 16px;\">Est\u00e9tica y Sujeciones Identitarias, con el tema Fragilidad e infraleve. Michel Foucault<\/em><span style=\"font-size: 16px;\"> en el XI Seminario de Est\u00e9tica: del 20 y 21 de julio de 2006. Organizado por el Centro de Investigaciones Est\u00e9ticas y el Doctorado en Filosof\u00eda de la Universidad de Los Andes.<\/span><\/p><\/li><li><p><em style=\"font-size: 16px;\">Aproximaci\u00f3n a la transformaci\u00f3n de lo apol\u00edneo y dionisiaco antes y despu\u00e9s de Wagner en la Filosof\u00eda de Nietzsche <\/em><span style=\"font-size: 16px;\">en el VI Simposio Internacional de Est\u00e9tica: Nietzsche y Heidegger en el Arte y la Est\u00e9tica Contempor\u00e1nea, Del 22 y 24 de noviembre de 2006. Organizado por el Centro de Investigaciones Est\u00e9ticas y el Doctorado en Filosof\u00eda de la Universidad de Los Andes.<\/span><\/p><\/li><li><p><em style=\"font-size: 16px;\">Virtud y voluntad de poder en Maquiavelo y Nietzsche<\/em><span style=\"font-size: 16px;\">. Seminario Intensivo. MAQUIAVELO Y LA FILOSOF\u00cdA POL\u00cdTICA. Del 10 al 12 de febrero 2015. Cat\u00e9dra Libre Sim\u00f3n Bol\u00edvar. Facultad de Humanidades y Educaci\u00f3n.<\/span><\/p><\/li><li><p><em style=\"font-size: 16px;\">Ser y Devenir en Her\u00e1clito y Arist\u00f3teles<\/em><span style=\"font-size: 16px;\">. En el marco del WORLD CONGRESS ARIST\u00d3TELES 2016 promovido por la UNESCO, la Academia de Atenas, la Federaci\u00f3n Internacional de Sociedades de Filosof\u00eda, la Universidad de Thessaloniki y el Interdisciplinary Center for Aristotle Studies II Simposio Arist\u00f3teles y Her\u00e1clito. Del 13 y 14 de Abril 2016. Cat\u00e9dra Libre Sim\u00f3n Bol\u00edvar. Facultad de Humanidades y Educaci\u00f3n, Edf. \u201dA\u201d 1\u00ba Piso.<\/span><\/p><\/li><li><p><em style=\"font-size: 16px;\">Palabra.\u00a0 Interpretar\u00a0 y\u00a0 Poetizar\u00a0 en\u00a0 Hans-Georg Gadamer<\/em><span style=\"font-size: 16px;\">.\u00a0 Seminario Nacional en Homenaje a Dr. An\u00edbal Rodr\u00edguez (\u2020). H.G. Gadamer: Hermen\u00e9utica y Poes\u00eda. NURR-ULA, Carmona, Trujillo-Venezuela. 7, de Octubre 2016.<\/span><\/p><\/li><li><p><em style=\"font-size: 16px;\">Simposio de Filosof\u00eda e Historia Antigua: PER\u00cdCLES Y LA FILOSOF\u00cdA DEL SIGLO DE ORO ATENIENSE: En Homenaje al Profesor Francisco Zambrano. Dr. Jos\u00e9 Francisco Guerrero Lobo<\/em><span style=\"font-size: 16px;\">, Octubre. Mi. 4, Ju. 5, Vi. 6. de Nov. 2017, Hora: 9 a 12. C\u00e1tedra Libre Sim\u00f3n Bol\u00edvar\u201d, Facultad de Humanidades y Educaci\u00f3n, Edf. A. Primer Piso.<\/span><\/p><\/li><li><p><em style=\"font-size: 16px;\">Simposio \u03a0\u03b1\u03b9\u03b4\u03b5\u03af\u03b1. WERNER JAEGER, Filosof\u00eda de la Educaci\u00f3n y Formaci\u00f3n de la Cultura<\/em><span style=\"font-size: 16px;\">. En el marco del LVIII Aniversario de la Escuela de Educaci\u00f3n. Jueves 2 de Nov. 2017. 9\u00a0 a 12 am. Catedra Sim\u00f3n Bol\u00edvar\/ Edificio A- FAHE.<\/span><\/p><\/li><li><p><em style=\"font-size: 16px;\">V Simposio \u201cNietzsche y la Filosof\u00eda de la M\u00fasica\u201d. La filosof\u00eda de la M\u00fasica Alemana del Barroco y el significado de la Filosof\u00eda de la M\u00fasica de Nietzsche. Diciembre. Mi 6 y Ju. 7. del 2017 Ponente: Jos\u00e9 Francisco Guerrero<\/em><span style=\"font-size: 16px;\">, Hora. 2 y 30 a 6 pm. Auditorio de la Escuela de M\u00fasica de la Facultad de Arte. Av. 5. C\/C 23. Edf. San Jos\u00e9. Primer Piso. Concierto: Vi. 30. 6. pm.<\/span><\/p><\/li><li><p><em style=\"font-size: 16px;\">Simposio. Mujeres Fil\u00f3sofas: Hannah Arendt, Sim\u00f3n de Beauvoir, Edith Stein, Hipatia de Alejandr\u00eda, Mar\u00eda Zambrano. Ponente: Jos\u00e9 Francisco Guerrero Lobo. <\/em><span style=\"font-size: 16px;\">Hora: 2:30 a 6 pm. de Nov. 2017. C\u00e1tedra Libre Sim\u00f3n Bol\u00edvar. Facultad de Humanidades y Educaci\u00f3n, Edf. A. Primer Piso.<\/span><\/p><\/li><li><p><em style=\"font-size: 16px;\">\u03a0\u03b1\u03b9\u03b4\u03b5\u03af\u03b1. WERNER JAEGER, Filosof\u00eda de la Educaci\u00f3n y Formaci\u00f3n de la Cultura. <\/em><span style=\"font-size: 16px;\">En el marco del LVIII Aniversario de la Escuela de Educaci\u00f3n. Jueves 2 de Nov.2017. 9 a 12 am. <\/span><em style=\"font-size: 16px;\">Jos\u00e9 Francisco Guerrero Lobo: Paideia Griega y Paideia Cristiana<\/em><span style=\"font-size: 16px;\">. Catedra Sim\u00f3n Bol\u00edvar\/ Edificio A- FAHE<\/span><\/p><\/li><li><p><em style=\"font-size: 16px;\">El poder y sus variantes en \u201cHegel y el poder\u201d, de Byung Chul Han. <\/em><span style=\"font-size: 16px;\">En el <\/span><em style=\"font-size: 16px;\">Congreso Internacional Biopol\u00edtica, psicopol\u00edtica y mundo del ma\u00f1ana en Byung-Chul. Los desaf\u00edos de la vida humana en la sociedad de rendimiento<\/em><span style=\"font-size: 16px;\">, auspiciado y organizado por la Universidad Pedro de Valdivia de Chile. 12 de mayo de 2021.<\/span><\/p><\/li><li><p><span style=\"font-size: 16px;\">\u00c9tica de la responsabilidad como espejo donde se descifra la civilizaci\u00f3n tecnol\u00f3gica. <\/span><em style=\"font-size: 16px;\">I Congreso Internacional de Innovaci\u00f3n en la Docencia e Investigaci\u00f3n de las Ciencias Sociales y Jur\u00eddicas. El impacto de la investigaci\u00f3n en el aula &#8211; Celebraci\u00f3n on line, 24 y 25 de junio de 2021.<\/em><\/p><\/li><li><p><em style=\"font-size: 16px;\">Acercamiento al imperativo de la felicidad en la era digital. (Aceptada en 20 de Junio 2021).\u00a0 Congreso Universitario Internacional sobre los contenidos, Investigaci\u00f3n, Innovaci\u00f3n y Docencia. Edici\u00f3n XI. CUICIID 2021. 6 y 7 de octubre de 2021 En su modalidad virtual y en l\u00ednea, re\u00fane por und\u00e9cima vez a investigadores del mundo entero. Madrid, Espa\u00f1a.<\/em><\/p><\/li><li><p><em>Alcances \u00e9ticos en el mundo digital. (Aceptada en 20 de Junio 2021).\u00a0 Congreso Universitario Internacional sobre los contenidos, Investigaci\u00f3n, Innovaci\u00f3n y Docencia. CUICIID 2021.\u00a0 6 y 7 de octubre de 2021 En su modalidad virtual y en l\u00ednea, re\u00fane por und\u00e9cima vez a investigadores del mundo entero. Madrid, Espa\u00f1a. <\/em><\/p><p>\u00a0<\/p><\/li><\/ul>\t\t\t\t\t\t\t\t<\/div>\n\t\t\t\t<\/div>\n\t\t\t\t\t<\/div>\n\t\t<\/div>\n\t\t\t\t\t<\/div>\n\t\t<\/section>\n\t\t\t\t<section class=\"elementor-section elementor-inner-section elementor-element elementor-element-13c090f elementor-section-boxed elementor-section-height-default elementor-section-height-default\" data-id=\"13c090f\" data-element_type=\"section\">\n\t\t\t\t\t\t<div class=\"elementor-container elementor-column-gap-default\">\n\t\t\t\t\t<div class=\"elementor-column elementor-col-100 elementor-inner-column elementor-element elementor-element-24f1a99\" data-id=\"24f1a99\" data-element_type=\"column\">\n\t\t\t<div class=\"elementor-widget-wrap elementor-element-populated\">\n\t\t\t\t\t\t<div class=\"elementor-element elementor-element-5469fec elementor-widget elementor-widget-heading\" data-id=\"5469fec\" data-element_type=\"widget\" data-widget_type=\"heading.default\">\n\t\t\t\t<div class=\"elementor-widget-container\">\n\t\t\t\t\t<h4 class=\"elementor-heading-title elementor-size-default\">Art\u00edculos<\/h4>\t\t\t\t<\/div>\n\t\t\t\t<\/div>\n\t\t\t\t<div class=\"elementor-element elementor-element-62bd402 elementor-widget elementor-widget-text-editor\" data-id=\"62bd402\" data-element_type=\"widget\" data-widget_type=\"text-editor.default\">\n\t\t\t\t<div class=\"elementor-widget-container\">\n\t\t\t\t\t\t\t\t\t<ol><li><em>El Her\u00e1clito de Nietz<\/em><em>s<\/em><em>che en la \u00e9poca de la tragedia de los griegos<\/em>. VESTIGIUM A\u00f1o II No.2 (Julio \u2013 Diciembre) Departamento de Filosof\u00eda Facultad de Artes &amp; Humanidades Universidad de Pamplona, 2006. Colombia.<\/li><li><em>Fragilidad e interpretaci\u00f3n infraleve: Michel Foucault <\/em><em>y<\/em><em> Marcel Duchamp. <\/em>Revista Est\u00e9tica &#8211; N\u00ba 11. CIE, Julio-Diciembre 2007. ULA. M\u00e9rida, Venezuela.<\/li><li><em>Acercamiento a la fisiolog\u00eda del arte en Nietzsche<\/em>. Revista Est\u00e9tica &#8211; N\u00ba 19. CIE, ULA. Julio-Diciembre 2011. M\u00e9rida, Venezuela.<\/li><li><em>Lenguaje, poetizar e interpretar<\/em>. Utop\u00eda y Praxis Latinoamericana, vol. 23, no. S3, 2018. Universidad del Zulia.<\/li><li><em>Hermen\u00e9utica de la pol\u00edtica y legitimidad de su ejercicio: democracia y Estado de derecho<\/em>. Utop\u00eda y Praxis Latinoamericana. A\u00f1o: 24, n\u00b0 86 (julio-septiembre), 2019, Universidad del Zulia.<\/li><li><em>Karl Popper y Her\u00e1clito: Antecedentes y problemas actuales de la Filosof\u00eda de la Ciencia<\/em>. Opci\u00f3n, A\u00f1o 36, Regular No.92, 2020.<\/li><li><em>El poder como Virt\u00fa y Voluntad: Maquiavelo y Nietzsche<\/em>. Revista Play Politics. Edici\u00f3n N\u00b0 0014, Guadalajara, M\u00e9xico, 2021.<\/li><li style=\"list-style-type: none;\">\u00a0<\/li><\/ol>\t\t\t\t\t\t\t\t<\/div>\n\t\t\t\t<\/div>\n\t\t\t\t<div class=\"elementor-element elementor-element-b1c3694 elementor-widget elementor-widget-text-editor\" data-id=\"b1c3694\" data-element_type=\"widget\" data-widget_type=\"text-editor.default\">\n\t\t\t\t<div class=\"elementor-widget-container\">\n\t\t\t\t\t\t\t\t\t<p>Doctor en Filosof\u00eda. Jos\u00e9 Francisco Guerrero Lobo.<\/p><p>M\u00e9rida-Venezuela, Enero del 2022.<\/p>\t\t\t\t\t\t\t\t<\/div>\n\t\t\t\t<\/div>\n\t\t\t\t\t<\/div>\n\t\t<\/div>\n\t\t\t\t\t<\/div>\n\t\t<\/section>\n\t\t\t\t\t<\/div>\n\t\t<\/div>\n\t\t\t\t\t<\/div>\n\t\t<\/section>\n\t\t\t\t<\/div>\n\t\t","protected":false},"excerpt":{"rendered":"<p>DR JOS\u00c9 FRANCISCO \u00c1reas de Investigaci\u00f3n y temas de inter\u00e9s Nietzsche Byung Chul Han Hannah Arendt Hans-Georg Gadamer Giorgio Agamben Maquiavelo Her\u00e1clito Arist\u00f3teles Ontolog\u00eda \u00c9tica Filosof\u00eda contempor\u00e1nea Filosof\u00eda pol\u00edtica Est\u00e9tica Ha dictado los siguientes Seminarios Seminario del Doctorado en Filosof\u00eda: El desinter\u00e9s en la Filosof\u00eda de Friedrich Nietzsche 2016. ULA Seminario en la Maestr\u00eda de &hellip;<\/p>\n<p class=\"read-more\"> <a class=\"\" href=\"http:\/\/190.168.5.116\/webdoctoradofilosofia\/dr-jose-francisco\/\"> <span class=\"screen-reader-text\">DR JOS\u00c9 FRANCISCO<\/span> Leer m\u00e1s &raquo;<\/a><\/p>\n","protected":false},"author":1,"featured_media":0,"parent":0,"menu_order":0,"comment_status":"closed","ping_status":"closed","template":"","meta":{"site-sidebar-layout":"no-sidebar","site-content-layout":"page-builder","ast-global-header-display":"","ast-main-header-display":"","ast-hfb-above-header-display":"","ast-hfb-below-header-display":"","ast-hfb-mobile-header-display":"","site-post-title":"disabled","ast-breadcrumbs-content":"","ast-featured-img":"disabled","footer-sml-layout":"","theme-transparent-header-meta":"","adv-header-id-meta":"","stick-header-meta":"","header-above-stick-meta":"","header-main-stick-meta":"","header-below-stick-meta":"","footnotes":""},"class_list":["post-856","page","type-page","status-publish","hentry"],"_links":{"self":[{"href":"http:\/\/190.168.5.116\/webdoctoradofilosofia\/wp-json\/wp\/v2\/pages\/856","targetHints":{"allow":["GET"]}}],"collection":[{"href":"http:\/\/190.168.5.116\/webdoctoradofilosofia\/wp-json\/wp\/v2\/pages"}],"about":[{"href":"http:\/\/190.168.5.116\/webdoctoradofilosofia\/wp-json\/wp\/v2\/types\/page"}],"author":[{"embeddable":true,"href":"http:\/\/190.168.5.116\/webdoctoradofilosofia\/wp-json\/wp\/v2\/users\/1"}],"replies":[{"embeddable":true,"href":"http:\/\/190.168.5.116\/webdoctoradofilosofia\/wp-json\/wp\/v2\/comments?post=856"}],"version-history":[{"count":7,"href":"http:\/\/190.168.5.116\/webdoctoradofilosofia\/wp-json\/wp\/v2\/pages\/856\/revisions"}],"predecessor-version":[{"id":863,"href":"http:\/\/190.168.5.116\/webdoctoradofilosofia\/wp-json\/wp\/v2\/pages\/856\/revisions\/863"}],"wp:attachment":[{"href":"http:\/\/190.168.5.116\/webdoctoradofilosofia\/wp-json\/wp\/v2\/media?parent=856"}],"curies":[{"name":"wp","href":"https:\/\/api.w.org\/{rel}","templated":true}]}}