{"id":925,"date":"2022-07-28T18:54:52","date_gmt":"2022-07-28T18:54:52","guid":{"rendered":"http:\/\/190.168.5.116\/webdoctoradofilosofia\/?page_id=925"},"modified":"2022-07-28T19:02:29","modified_gmt":"2022-07-28T19:02:29","slug":"dr-jose-rafael-herrera","status":"publish","type":"page","link":"http:\/\/190.168.5.116\/webdoctoradofilosofia\/dr-jose-rafael-herrera\/","title":{"rendered":"DR JOS\u00c9 RAFAEL HERRERA"},"content":{"rendered":"\t\t<div data-elementor-type=\"wp-page\" data-elementor-id=\"925\" class=\"elementor elementor-925\">\n\t\t\t\t\t\t<section class=\"elementor-section elementor-top-section elementor-element elementor-element-c2f3f7c elementor-section-boxed elementor-section-height-default elementor-section-height-default\" data-id=\"c2f3f7c\" data-element_type=\"section\">\n\t\t\t\t\t\t<div class=\"elementor-container elementor-column-gap-default\">\n\t\t\t\t\t<div class=\"elementor-column elementor-col-100 elementor-top-column elementor-element elementor-element-c08b5b2\" data-id=\"c08b5b2\" data-element_type=\"column\">\n\t\t\t<div class=\"elementor-widget-wrap elementor-element-populated\">\n\t\t\t\t\t\t<section class=\"elementor-section elementor-inner-section elementor-element elementor-element-7f6f098 elementor-section-boxed elementor-section-height-default elementor-section-height-default\" data-id=\"7f6f098\" data-element_type=\"section\">\n\t\t\t\t\t\t<div class=\"elementor-container elementor-column-gap-default\">\n\t\t\t\t\t<div class=\"elementor-column elementor-col-50 elementor-inner-column elementor-element elementor-element-7494b5d\" data-id=\"7494b5d\" data-element_type=\"column\">\n\t\t\t<div class=\"elementor-widget-wrap elementor-element-populated\">\n\t\t\t\t\t\t<div class=\"elementor-element elementor-element-3a1c3b5 elementor-widget elementor-widget-image\" data-id=\"3a1c3b5\" data-element_type=\"widget\" data-widget_type=\"image.default\">\n\t\t\t\t<div class=\"elementor-widget-container\">\n\t\t\t\t\t\t\t\t\t\t\t\t\t\t\t<img fetchpriority=\"high\" decoding=\"async\" width=\"362\" height=\"448\" src=\"http:\/\/190.168.5.116\/webdoctoradofilosofia\/wp-content\/uploads\/2022\/07\/Dr.-Jose-Rafael-Herrera1.jpg\" class=\"attachment-large size-large wp-image-799\" alt=\"\" srcset=\"http:\/\/190.168.5.116\/webdoctoradofilosofia\/wp-content\/uploads\/2022\/07\/Dr.-Jose-Rafael-Herrera1.jpg 362w, http:\/\/190.168.5.116\/webdoctoradofilosofia\/wp-content\/uploads\/2022\/07\/Dr.-Jose-Rafael-Herrera1-242x300.jpg 242w\" sizes=\"(max-width: 362px) 100vw, 362px\" \/>\t\t\t\t\t\t\t\t\t\t\t\t\t\t\t<\/div>\n\t\t\t\t<\/div>\n\t\t\t\t\t<\/div>\n\t\t<\/div>\n\t\t\t\t<div class=\"elementor-column elementor-col-50 elementor-inner-column elementor-element elementor-element-cadbbd8\" data-id=\"cadbbd8\" data-element_type=\"column\">\n\t\t\t<div class=\"elementor-widget-wrap elementor-element-populated\">\n\t\t\t\t\t\t<div class=\"elementor-element elementor-element-60d17c7 elementor-widget elementor-widget-heading\" data-id=\"60d17c7\" data-element_type=\"widget\" data-widget_type=\"heading.default\">\n\t\t\t\t<div class=\"elementor-widget-container\">\n\t\t\t\t\t<h2 class=\"elementor-heading-title elementor-size-default\">DR  JOS\u00c9 RAFAEL HERRERA<\/h2>\t\t\t\t<\/div>\n\t\t\t\t<\/div>\n\t\t\t\t<div class=\"elementor-element elementor-element-06dbb32 elementor-widget elementor-widget-heading\" data-id=\"06dbb32\" data-element_type=\"widget\" data-widget_type=\"heading.default\">\n\t\t\t\t<div class=\"elementor-widget-container\">\n\t\t\t\t\t<h4 class=\"elementor-heading-title elementor-size-default\">Datos personales<\/h4>\t\t\t\t<\/div>\n\t\t\t\t<\/div>\n\t\t\t\t<div class=\"elementor-element elementor-element-b33e85d elementor-widget elementor-widget-text-editor\" data-id=\"b33e85d\" data-element_type=\"widget\" data-widget_type=\"text-editor.default\">\n\t\t\t\t<div class=\"elementor-widget-container\">\n\t\t\t\t\t\t\t\t\t<p><strong>LUGAR Y FECHA DE NACIMIENTO:<\/strong> Caracas, 04-03-59<br \/><strong>NACIONALIDAD:<\/strong> Venezolana<br \/><strong>PROFESI\u00d3N:<\/strong> Profesor de los cursos obligatorios de Spinoza, Hegel, Marx, Filosof\u00eda de la Praxis I y II, y Filosof\u00eda de la Historia de la Escuela de Filosof\u00eda de la Universidad Central de Venezuela desde 1985.<br \/><strong>E- MAIL:<\/strong> jrherreraucv2000@gmail.com<br \/>herreraljr59@gmail.com<br \/><strong>BLOG:<\/strong> http:\/\/jrherreraucv2000.blogstop.com<br \/><strong>P\u00c1GINA WEB:<\/strong> www.circulohistoricista.com<br \/>www.fogliospinoziano.com<\/p>\t\t\t\t\t\t\t\t<\/div>\n\t\t\t\t<\/div>\n\t\t\t\t\t<\/div>\n\t\t<\/div>\n\t\t\t\t\t<\/div>\n\t\t<\/section>\n\t\t\t\t<section class=\"elementor-section elementor-inner-section elementor-element elementor-element-10ad04a elementor-section-boxed elementor-section-height-default elementor-section-height-default\" data-id=\"10ad04a\" data-element_type=\"section\">\n\t\t\t\t\t\t<div class=\"elementor-container elementor-column-gap-default\">\n\t\t\t\t\t<div class=\"elementor-column elementor-col-100 elementor-inner-column elementor-element elementor-element-b20da72\" data-id=\"b20da72\" data-element_type=\"column\">\n\t\t\t<div class=\"elementor-widget-wrap elementor-element-populated\">\n\t\t\t\t\t\t<div class=\"elementor-element elementor-element-c3e94ad elementor-widget elementor-widget-heading\" data-id=\"c3e94ad\" data-element_type=\"widget\" data-widget_type=\"heading.default\">\n\t\t\t\t<div class=\"elementor-widget-container\">\n\t\t\t\t\t<h4 class=\"elementor-heading-title elementor-size-default\">CARGOS OCUPADOS:<\/h4>\t\t\t\t<\/div>\n\t\t\t\t<\/div>\n\t\t\t\t<div class=\"elementor-element elementor-element-d8ee761 elementor-widget elementor-widget-text-editor\" data-id=\"d8ee761\" data-element_type=\"widget\" data-widget_type=\"text-editor.default\">\n\t\t\t\t<div class=\"elementor-widget-container\">\n\t\t\t\t\t\t\t\t\t<ul><li>Profesor Honorifico de la Universidad Complutense de Madrid (2021-2022)<br \/>&#8211; Profesor Investigador del Instituto de Filosof\u00eda del Center for Democracy and Citizenship Studies, con sede en USA, desde 2020<\/li><li>Director del C\u00edrculo Historicista de Caracas, desde 2018<\/li><li>Director de Cultura de la U.C.V., 2013-2017<\/li><li>Gerente de C\u00e1tedras Libres del Vicerrectorado Acad\u00e9mico de la UCV, 2010-2012<\/li><li>Director de la Escuela de Filosof\u00eda de la U.C.V., 2002-2005<\/li><li>Jefe del Departamento de Filosof\u00eda de la Praxis, 2001-2002<\/li><li>Rector de la Universidad \u201cR\u00f3mulo Gallegos\u201d, 1999-2001<\/li><li>Vicerrector Acad\u00e9mico de la UNERG, 1999<\/li><li>Director (E) y Subdirector de Cultura de la U.C.V., 1996-1999<\/li><li>Jefe del Departamento de la Filosof\u00eda de la Praxis en la Escuela de Filosof\u00eda de la U.C.V.. 1994-1996<\/li><\/ul>\t\t\t\t\t\t\t\t<\/div>\n\t\t\t\t<\/div>\n\t\t\t\t\t<\/div>\n\t\t<\/div>\n\t\t\t\t\t<\/div>\n\t\t<\/section>\n\t\t\t\t<section class=\"elementor-section elementor-inner-section elementor-element elementor-element-ca04739 elementor-section-boxed elementor-section-height-default elementor-section-height-default\" data-id=\"ca04739\" data-element_type=\"section\">\n\t\t\t\t\t\t<div class=\"elementor-container elementor-column-gap-default\">\n\t\t\t\t\t<div class=\"elementor-column elementor-col-100 elementor-inner-column elementor-element elementor-element-ae57eed\" data-id=\"ae57eed\" data-element_type=\"column\">\n\t\t\t<div class=\"elementor-widget-wrap elementor-element-populated\">\n\t\t\t\t\t\t<div class=\"elementor-element elementor-element-fee34d3 elementor-widget elementor-widget-heading\" data-id=\"fee34d3\" data-element_type=\"widget\" data-widget_type=\"heading.default\">\n\t\t\t\t<div class=\"elementor-widget-container\">\n\t\t\t\t\t<h4 class=\"elementor-heading-title elementor-size-default\">T\u00cdTULOS OBTENIDOS<\/h4>\t\t\t\t<\/div>\n\t\t\t\t<\/div>\n\t\t\t\t<div class=\"elementor-element elementor-element-ef02c17 elementor-widget elementor-widget-text-editor\" data-id=\"ef02c17\" data-element_type=\"widget\" data-widget_type=\"text-editor.default\">\n\t\t\t\t<div class=\"elementor-widget-container\">\n\t\t\t\t\t\t\t\t\t<ul><li>Profesor Titular, UCV, Menci\u00f3n Honor\u00edfica y Publicaci\u00f3n, 2008<\/li><li>Profesor Asociado, UCV, Menci\u00f3n Honor\u00edfica y Menci\u00f3n Publicaci\u00f3n, 2004<\/li><li>Doctor en Ciencias Pol\u00edticas, USM, Menci\u00f3n Honor\u00edfica, 2000<\/li><li>Profesor Agregado, UCV, Menci\u00f3n Honor\u00edfica, 1995<\/li><li>Profesor Asistente, UCV, Menci\u00f3n Honor\u00edfica y Menci\u00f3n Publicaci\u00f3n, 1991<\/li><li>Profesor Instructor por Concurso de Oposici\u00f3n, UCV, 1.989<\/li><li>Licenciado en Filosof\u00eda, Menci\u00f3n Magna Cum Laude, 1983<\/li><\/ul>\t\t\t\t\t\t\t\t<\/div>\n\t\t\t\t<\/div>\n\t\t\t\t\t<\/div>\n\t\t<\/div>\n\t\t\t\t\t<\/div>\n\t\t<\/section>\n\t\t\t\t<section class=\"elementor-section elementor-inner-section elementor-element elementor-element-39208aa elementor-section-boxed elementor-section-height-default elementor-section-height-default\" data-id=\"39208aa\" data-element_type=\"section\">\n\t\t\t\t\t\t<div class=\"elementor-container elementor-column-gap-default\">\n\t\t\t\t\t<div class=\"elementor-column elementor-col-100 elementor-inner-column elementor-element elementor-element-61ef8ad\" data-id=\"61ef8ad\" data-element_type=\"column\">\n\t\t\t<div class=\"elementor-widget-wrap elementor-element-populated\">\n\t\t\t\t\t\t<div class=\"elementor-element elementor-element-369714d elementor-widget elementor-widget-heading\" data-id=\"369714d\" data-element_type=\"widget\" data-widget_type=\"heading.default\">\n\t\t\t\t<div class=\"elementor-widget-container\">\n\t\t\t\t\t<h4 class=\"elementor-heading-title elementor-size-default\">PUBLICACIONES RECIENTES:<\/h4>\t\t\t\t<\/div>\n\t\t\t\t<\/div>\n\t\t\t\t<div class=\"elementor-element elementor-element-e766516 elementor-widget elementor-widget-text-editor\" data-id=\"e766516\" data-element_type=\"widget\" data-widget_type=\"text-editor.default\">\n\t\t\t\t<div class=\"elementor-widget-container\">\n\t\t\t\t\t\t\t\t\t<ul><li>Jos\u00e9 Rafael Herrera: un hegeliano heracl\u00edteo. Conversaciones con A. Carrodeguas, NOX, 2021<\/li><li>Principios de Filosof\u00eda de la Praxis, EBUCV, 2009<\/li><li>Tres fundamentaciones de la filosof\u00eda marxista en Venezuela, EBUCV, Caracas, 2011<\/li><li>Bajo el signo de los Dioses, Bid&amp;Co, Caracas, 2014<\/li><li>Ontolog\u00eda e historicismo: Hegel y la crisis de la Filosof\u00eda contempor\u00e1nea, EBUCV, Caracas, 2010<\/li><li>Cr\u00edtica de Hegel al ideal Kantiano de una religi\u00f3n dentro de los l\u00ecmites de la raz\u00f3n, Actas del Kant-Kongress, Berl\u00edn, 2006<\/li><li>La concepci\u00f3n viquiana de la \u201csociedad civil\u201d, Bolletino del Centro di Studi Vichiani, N\u00e1poles, 2006.<\/li><li>G\u00e9nesis y Estructura de la filosof\u00eda de Hegel, Cuadernos de Praxis, SN, n.2 Escuela de Filosof\u00eda, UCV, Caracas, 2004<\/li><\/ul>\t\t\t\t\t\t\t\t<\/div>\n\t\t\t\t<\/div>\n\t\t\t\t\t<\/div>\n\t\t<\/div>\n\t\t\t\t\t<\/div>\n\t\t<\/section>\n\t\t\t\t<section class=\"elementor-section elementor-inner-section elementor-element elementor-element-95ec2d6 elementor-section-boxed elementor-section-height-default elementor-section-height-default\" data-id=\"95ec2d6\" data-element_type=\"section\">\n\t\t\t\t\t\t<div class=\"elementor-container elementor-column-gap-default\">\n\t\t\t\t\t<div class=\"elementor-column elementor-col-100 elementor-inner-column elementor-element elementor-element-cf17033\" data-id=\"cf17033\" data-element_type=\"column\">\n\t\t\t<div class=\"elementor-widget-wrap elementor-element-populated\">\n\t\t\t\t\t\t<div class=\"elementor-element elementor-element-b0f98fd elementor-widget elementor-widget-heading\" data-id=\"b0f98fd\" data-element_type=\"widget\" data-widget_type=\"heading.default\">\n\t\t\t\t<div class=\"elementor-widget-container\">\n\t\t\t\t\t<h4 class=\"elementor-heading-title elementor-size-default\">TRADUCCIONES:<\/h4>\t\t\t\t<\/div>\n\t\t\t\t<\/div>\n\t\t\t\t<div class=\"elementor-element elementor-element-7814a00 elementor-widget elementor-widget-text-editor\" data-id=\"7814a00\" data-element_type=\"widget\" data-widget_type=\"text-editor.default\">\n\t\t\t\t<div class=\"elementor-widget-container\">\n\t\t\t\t\t\t\t\t\t<ul><li>K. Marx, Manifiesto del Partido Comunista, Los Libros de EL NACIONAL, Caracas, 2007<\/li><li>G.B.Vico, De nostri temporis studiorum ratione, EBUCV, Caracas, 2007<\/li><li>Nicolas Maquiavelo, El Principe, Los Libros de EL NACIONAL, Caracas, 1999<\/li><li>P. Piovani, Introducci\u00f3n al pansamiento de Vico, 1987<\/li><\/ul>\t\t\t\t\t\t\t\t<\/div>\n\t\t\t\t<\/div>\n\t\t\t\t\t<\/div>\n\t\t<\/div>\n\t\t\t\t\t<\/div>\n\t\t<\/section>\n\t\t\t\t<section class=\"elementor-section elementor-inner-section elementor-element elementor-element-adf1e2a elementor-section-boxed elementor-section-height-default elementor-section-height-default\" data-id=\"adf1e2a\" data-element_type=\"section\">\n\t\t\t\t\t\t<div class=\"elementor-container elementor-column-gap-default\">\n\t\t\t\t\t<div class=\"elementor-column elementor-col-100 elementor-inner-column elementor-element elementor-element-bd39252\" data-id=\"bd39252\" data-element_type=\"column\">\n\t\t\t<div class=\"elementor-widget-wrap elementor-element-populated\">\n\t\t\t\t\t\t<div class=\"elementor-element elementor-element-6396f4e elementor-widget elementor-widget-heading\" data-id=\"6396f4e\" data-element_type=\"widget\" data-widget_type=\"heading.default\">\n\t\t\t\t<div class=\"elementor-widget-container\">\n\t\t\t\t\t<h4 class=\"elementor-heading-title elementor-size-default\">PUBLICACIONES PERI\u00d3DICAS:<\/h4>\t\t\t\t<\/div>\n\t\t\t\t<\/div>\n\t\t\t\t<div class=\"elementor-element elementor-element-a1ce44f elementor-widget elementor-widget-text-editor\" data-id=\"a1ce44f\" data-element_type=\"widget\" data-widget_type=\"text-editor.default\">\n\t\t\t\t<div class=\"elementor-widget-container\">\n\t\t\t\t\t\t\t\t\t<ul><li>Colabora con el Papel Literario de EL NACIONAL<\/li><li>Articulista Semanal de la p\u00e1gina de Opini\u00f3n de EL NACIONAL<\/li><li>Articulista Semanal de la Revista de Micro-Filosof\u00eda (M\u00e1laga-Espa\u00f1a)<\/li><\/ul>\t\t\t\t\t\t\t\t<\/div>\n\t\t\t\t<\/div>\n\t\t\t\t\t<\/div>\n\t\t<\/div>\n\t\t\t\t\t<\/div>\n\t\t<\/section>\n\t\t\t\t<section class=\"elementor-section elementor-inner-section elementor-element elementor-element-933fac2 elementor-section-boxed elementor-section-height-default elementor-section-height-default\" data-id=\"933fac2\" data-element_type=\"section\">\n\t\t\t\t\t\t<div class=\"elementor-container elementor-column-gap-default\">\n\t\t\t\t\t<div class=\"elementor-column elementor-col-100 elementor-inner-column elementor-element elementor-element-61688da\" data-id=\"61688da\" data-element_type=\"column\">\n\t\t\t<div class=\"elementor-widget-wrap elementor-element-populated\">\n\t\t\t\t\t\t<div class=\"elementor-element elementor-element-22f875a elementor-widget elementor-widget-heading\" data-id=\"22f875a\" data-element_type=\"widget\" data-widget_type=\"heading.default\">\n\t\t\t\t<div class=\"elementor-widget-container\">\n\t\t\t\t\t<h4 class=\"elementor-heading-title elementor-size-default\">IDIOMAS:<\/h4>\t\t\t\t<\/div>\n\t\t\t\t<\/div>\n\t\t\t\t<div class=\"elementor-element elementor-element-29c8acd elementor-widget elementor-widget-text-editor\" data-id=\"29c8acd\" data-element_type=\"widget\" data-widget_type=\"text-editor.default\">\n\t\t\t\t<div class=\"elementor-widget-container\">\n\t\t\t\t\t\t\t\t\t<ul><li>Italiano<\/li><li>Ingl\u00e9s<\/li><li>Portugu\u00e9s<\/li><li>Lectura del alem\u00e1n<\/li><li>Lectura del franc\u00e9s<\/li><li>Lectura del lat\u00edn<\/li><\/ul>\t\t\t\t\t\t\t\t<\/div>\n\t\t\t\t<\/div>\n\t\t\t\t\t<\/div>\n\t\t<\/div>\n\t\t\t\t\t<\/div>\n\t\t<\/section>\n\t\t\t\t\t<\/div>\n\t\t<\/div>\n\t\t\t\t\t<\/div>\n\t\t<\/section>\n\t\t\t\t<\/div>\n\t\t","protected":false},"excerpt":{"rendered":"<p>DR JOS\u00c9 RAFAEL HERRERA Datos personales LUGAR Y FECHA DE NACIMIENTO: Caracas, 04-03-59NACIONALIDAD: VenezolanaPROFESI\u00d3N: Profesor de los cursos obligatorios de Spinoza, Hegel, Marx, Filosof\u00eda de la Praxis I y II, y Filosof\u00eda de la Historia de la Escuela de Filosof\u00eda de la Universidad Central de Venezuela desde 1985.E- MAIL: jrherreraucv2000@gmail.comherreraljr59@gmail.comBLOG: http:\/\/jrherreraucv2000.blogstop.comP\u00c1GINA WEB: www.circulohistoricista.comwww.fogliospinoziano.com CARGOS OCUPADOS: &hellip;<\/p>\n<p class=\"read-more\"> <a class=\"\" href=\"http:\/\/190.168.5.116\/webdoctoradofilosofia\/dr-jose-rafael-herrera\/\"> <span class=\"screen-reader-text\">DR JOS\u00c9 RAFAEL HERRERA<\/span> Leer m\u00e1s &raquo;<\/a><\/p>\n","protected":false},"author":1,"featured_media":0,"parent":0,"menu_order":0,"comment_status":"closed","ping_status":"closed","template":"","meta":{"site-sidebar-layout":"no-sidebar","site-content-layout":"page-builder","ast-global-header-display":"","ast-main-header-display":"","ast-hfb-above-header-display":"","ast-hfb-below-header-display":"","ast-hfb-mobile-header-display":"","site-post-title":"disabled","ast-breadcrumbs-content":"","ast-featured-img":"disabled","footer-sml-layout":"","theme-transparent-header-meta":"","adv-header-id-meta":"","stick-header-meta":"","header-above-stick-meta":"","header-main-stick-meta":"","header-below-stick-meta":"","footnotes":""},"class_list":["post-925","page","type-page","status-publish","hentry"],"_links":{"self":[{"href":"http:\/\/190.168.5.116\/webdoctoradofilosofia\/wp-json\/wp\/v2\/pages\/925","targetHints":{"allow":["GET"]}}],"collection":[{"href":"http:\/\/190.168.5.116\/webdoctoradofilosofia\/wp-json\/wp\/v2\/pages"}],"about":[{"href":"http:\/\/190.168.5.116\/webdoctoradofilosofia\/wp-json\/wp\/v2\/types\/page"}],"author":[{"embeddable":true,"href":"http:\/\/190.168.5.116\/webdoctoradofilosofia\/wp-json\/wp\/v2\/users\/1"}],"replies":[{"embeddable":true,"href":"http:\/\/190.168.5.116\/webdoctoradofilosofia\/wp-json\/wp\/v2\/comments?post=925"}],"version-history":[{"count":4,"href":"http:\/\/190.168.5.116\/webdoctoradofilosofia\/wp-json\/wp\/v2\/pages\/925\/revisions"}],"predecessor-version":[{"id":933,"href":"http:\/\/190.168.5.116\/webdoctoradofilosofia\/wp-json\/wp\/v2\/pages\/925\/revisions\/933"}],"wp:attachment":[{"href":"http:\/\/190.168.5.116\/webdoctoradofilosofia\/wp-json\/wp\/v2\/media?parent=925"}],"curies":[{"name":"wp","href":"https:\/\/api.w.org\/{rel}","templated":true}]}}