{"id":945,"date":"2022-07-28T19:10:14","date_gmt":"2022-07-28T19:10:14","guid":{"rendered":"http:\/\/190.168.5.116\/webdoctoradofilosofia\/?page_id=945"},"modified":"2022-07-28T19:23:07","modified_gmt":"2022-07-28T19:23:07","slug":"dr-rodrigo-martinez","status":"publish","type":"page","link":"http:\/\/190.168.5.116\/webdoctoradofilosofia\/dr-rodrigo-martinez\/","title":{"rendered":"DR RODRIGO MARTINEZ"},"content":{"rendered":"\t\t<div data-elementor-type=\"wp-page\" data-elementor-id=\"945\" class=\"elementor elementor-945\">\n\t\t\t\t\t\t<section class=\"elementor-section elementor-top-section elementor-element elementor-element-c2f3f7c elementor-section-boxed elementor-section-height-default elementor-section-height-default\" data-id=\"c2f3f7c\" data-element_type=\"section\">\n\t\t\t\t\t\t<div class=\"elementor-container elementor-column-gap-default\">\n\t\t\t\t\t<div class=\"elementor-column elementor-col-100 elementor-top-column elementor-element elementor-element-c08b5b2\" data-id=\"c08b5b2\" data-element_type=\"column\">\n\t\t\t<div class=\"elementor-widget-wrap elementor-element-populated\">\n\t\t\t\t\t\t<section class=\"elementor-section elementor-inner-section elementor-element elementor-element-7f6f098 elementor-section-boxed elementor-section-height-default elementor-section-height-default\" data-id=\"7f6f098\" data-element_type=\"section\">\n\t\t\t\t\t\t<div class=\"elementor-container elementor-column-gap-default\">\n\t\t\t\t\t<div class=\"elementor-column elementor-col-50 elementor-inner-column elementor-element elementor-element-7494b5d\" data-id=\"7494b5d\" data-element_type=\"column\">\n\t\t\t<div class=\"elementor-widget-wrap elementor-element-populated\">\n\t\t\t\t\t\t<div class=\"elementor-element elementor-element-3a1c3b5 elementor-widget elementor-widget-image\" data-id=\"3a1c3b5\" data-element_type=\"widget\" data-widget_type=\"image.default\">\n\t\t\t\t<div class=\"elementor-widget-container\">\n\t\t\t\t\t\t\t\t\t\t\t\t\t\t\t<img fetchpriority=\"high\" decoding=\"async\" width=\"362\" height=\"448\" src=\"http:\/\/190.168.5.116\/webdoctoradofilosofia\/wp-content\/uploads\/2022\/07\/Dr.-Don-Rodrigo-Martinez-.jpg\" class=\"attachment-large size-large wp-image-801\" alt=\"\" srcset=\"http:\/\/190.168.5.116\/webdoctoradofilosofia\/wp-content\/uploads\/2022\/07\/Dr.-Don-Rodrigo-Martinez-.jpg 362w, http:\/\/190.168.5.116\/webdoctoradofilosofia\/wp-content\/uploads\/2022\/07\/Dr.-Don-Rodrigo-Martinez--242x300.jpg 242w\" sizes=\"(max-width: 362px) 100vw, 362px\" \/>\t\t\t\t\t\t\t\t\t\t\t\t\t\t\t<\/div>\n\t\t\t\t<\/div>\n\t\t\t\t\t<\/div>\n\t\t<\/div>\n\t\t\t\t<div class=\"elementor-column elementor-col-50 elementor-inner-column elementor-element elementor-element-cadbbd8\" data-id=\"cadbbd8\" data-element_type=\"column\">\n\t\t\t<div class=\"elementor-widget-wrap elementor-element-populated\">\n\t\t\t\t\t\t<div class=\"elementor-element elementor-element-60d17c7 elementor-widget elementor-widget-heading\" data-id=\"60d17c7\" data-element_type=\"widget\" data-widget_type=\"heading.default\">\n\t\t\t\t<div class=\"elementor-widget-container\">\n\t\t\t\t\t<h2 class=\"elementor-heading-title elementor-size-default\">DR  RODRIGO MART\u00cdNEZ<\/h2>\t\t\t\t<\/div>\n\t\t\t\t<\/div>\n\t\t\t\t<div class=\"elementor-element elementor-element-9f35962 elementor-widget elementor-widget-heading\" data-id=\"9f35962\" data-element_type=\"widget\" data-widget_type=\"heading.default\">\n\t\t\t\t<div class=\"elementor-widget-container\">\n\t\t\t\t\t<h4 class=\"elementor-heading-title elementor-size-default\">Actualidad        <\/h4>\t\t\t\t<\/div>\n\t\t\t\t<\/div>\n\t\t\t\t<div class=\"elementor-element elementor-element-b33e85d elementor-widget elementor-widget-text-editor\" data-id=\"b33e85d\" data-element_type=\"widget\" data-widget_type=\"text-editor.default\">\n\t\t\t\t<div class=\"elementor-widget-container\">\n\t\t\t\t\t\t\t\t\t<p>Desde 2010 Profesor Ordinario, Dedicaci\u00f3n Exclusiva, adscrito al Departamento de Filosof\u00eda de la Escuela de Educaci\u00f3n, Facultad de Humanidades y Educaci\u00f3n, Universidad de Los Andes (ULA), M\u00e9rida\/Venezuela.<br \/>&#8211; Pregrado Introducci\u00f3n a la Filosof\u00eda<br \/>&#8211; Pregrado Seminario de Estudios Orientales<br \/>&#8211; Maestr\u00eda de Filosof\u00eda<br \/>&#8211; Doctorado de Filosof\u00eda, Doctorado de Letras, Doctorado en Educaci\u00f3n, Doctorado de Ciencias de la Actividad F\u00edsica y Deporte.<br \/>&#8211; Coordinador de la C\u00e1tedra Libre de Estudios Orientales<br \/>&#8211; Investigador del Centro de Investigaciones Est\u00e9ticas CIE \/ Facultad de Humanidades y Educaci\u00f3n, ULA. Miembro ADG.<\/p>\t\t\t\t\t\t\t\t<\/div>\n\t\t\t\t<\/div>\n\t\t\t\t\t<\/div>\n\t\t<\/div>\n\t\t\t\t\t<\/div>\n\t\t<\/section>\n\t\t\t\t<section class=\"elementor-section elementor-inner-section elementor-element elementor-element-836b45d elementor-section-boxed elementor-section-height-default elementor-section-height-default\" data-id=\"836b45d\" data-element_type=\"section\">\n\t\t\t\t\t\t<div class=\"elementor-container elementor-column-gap-default\">\n\t\t\t\t\t<div class=\"elementor-column elementor-col-100 elementor-inner-column elementor-element elementor-element-4879403\" data-id=\"4879403\" data-element_type=\"column\">\n\t\t\t<div class=\"elementor-widget-wrap elementor-element-populated\">\n\t\t\t\t\t\t<div class=\"elementor-element elementor-element-7423d1e elementor-widget elementor-widget-text-editor\" data-id=\"7423d1e\" data-element_type=\"widget\" data-widget_type=\"text-editor.default\">\n\t\t\t\t<div class=\"elementor-widget-container\">\n\t\t\t\t\t\t\t\t\t<p><strong>Investigador Invitado<\/strong> del <em>Grupo de Investigaci\u00f3n en G\u00e9nero y Sexualidad<\/em><strong> GIGESEX <\/strong>\/ Facultad de Humanidades, ULA.<\/p><p><strong>Tutor y Jurado de Tesis Invitado <\/strong>del <em>Doctorado de Urbanismo<\/em> y <em>Doctorado de Ciencias Sociales<\/em>. Universidad Central de Venezuela UCV. Caracas.<\/p><p><strong>\u00a0<\/strong>Conferencista, Asesor, Artista Contempor\u00e1neo, Ensayista, Poeta, Terapeuta Transpersonal, Padre de Familia<\/p>\t\t\t\t\t\t\t\t<\/div>\n\t\t\t\t<\/div>\n\t\t\t\t\t<\/div>\n\t\t<\/div>\n\t\t\t\t\t<\/div>\n\t\t<\/section>\n\t\t\t\t<section class=\"elementor-section elementor-inner-section elementor-element elementor-element-327183a elementor-section-boxed elementor-section-height-default elementor-section-height-default\" data-id=\"327183a\" data-element_type=\"section\">\n\t\t\t\t\t\t<div class=\"elementor-container elementor-column-gap-default\">\n\t\t\t\t\t<div class=\"elementor-column elementor-col-100 elementor-inner-column elementor-element elementor-element-57609be\" data-id=\"57609be\" data-element_type=\"column\">\n\t\t\t<div class=\"elementor-widget-wrap elementor-element-populated\">\n\t\t\t\t\t\t<div class=\"elementor-element elementor-element-53685c7 elementor-widget elementor-widget-heading\" data-id=\"53685c7\" data-element_type=\"widget\" data-widget_type=\"heading.default\">\n\t\t\t\t<div class=\"elementor-widget-container\">\n\t\t\t\t\t<h4 class=\"elementor-heading-title elementor-size-default\">Estudios Multi-disciplinarios<\/h4>\t\t\t\t<\/div>\n\t\t\t\t<\/div>\n\t\t\t\t<div class=\"elementor-element elementor-element-4ce9a65 elementor-widget elementor-widget-text-editor\" data-id=\"4ce9a65\" data-element_type=\"widget\" data-widget_type=\"text-editor.default\">\n\t\t\t\t<div class=\"elementor-widget-container\">\n\t\t\t\t\t\t\t\t\t<p><strong>2015 Doctor en Filosof\u00eda.<\/strong> (Becario Acad\u00e9mico). Facultad de Humanidades, Universidad de Los Andes (ULA). M\u00e9rida \u2013 Venezuela<br \/>TESIS: \u201cEL ARQU\u00cdLOCO DE NIETZSCHE DESDE LA PERSPECTIVA DEL H\u00c9ROE TR\u00c1GICO EN \u2018EL NACIMIENTO DE LA TRAGEDIA\u2019. Interpretaci\u00f3n de los atributos apol\u00edneos y dionis\u00edacos como rasgos constitutivos del h\u00e9roe tr\u00e1gico y su expresi\u00f3n en el Arqu\u00edloco de Nietzsche como \u2018perpetuum vestigium\u2019 del hombre tr\u00e1gico\u201d.<br \/>Tutor: Dr. W. Mauricio Navia A.<br \/>Veredicto: CON UN APORTE SIGNIFICATIVO A LA COMPRESI\u00d3N DEL ARQU\u00cdLOCO DE NIETZSCHE.<\/p><p><strong>2010 Doctor en Educaci\u00f3n.<\/strong> (Becario Acad\u00e9mico). Universidad Interamericana de Educaci\u00f3n a Distancia de Panam\u00e1. UNIEDPA. Convenio ULA\/UNIEDPA. Panam\u00e1.<br \/>TESIS: \u201cONTO-TRANS-EPISTEMOLOG\u00cdA COMPLEJA DE LA CREACTIVIDAD. Co-osad\u00edas Caordiscientes para \u2018Darse a Luz\u2019 Creactores\u201d.<br \/>Tutora: Dra. Luz Marina Pereira<br \/>Veredicto: MENCI\u00d3N PUBLICACI\u00d3N.<\/p><p><strong>2004 MBA en Direcci\u00f3n y Organizaci\u00f3n de Empresas.<\/strong> UPC, Universitat Polit\u00e9cnica de Catalunya. Barcelona (Becario. Fundaci\u00f3n Carolina \u2013 Gob. Espa\u00f1a).<br \/>2004 MBA &amp; Leisure Management &#8211; Ocio, Turismo y Tiempo Libre &#8211; EAE, Escuela de Administraci\u00f3n de Empresas. Barcelona (Becario. Fundaci\u00f3n Carolina \u2013 Gob. Espa\u00f1a).<br \/>2001 Especialista en Gesti\u00f3n Administrativa. (1ro. de la Promoci\u00f3n). UFT, Universidad Ferm\u00edn Toro. Lara \u2013 Venezuela<br \/>TESIS: \u201cCriterios para la Organizaci\u00f3n de un Sistema de Rutas Tur\u00edstico Culturales en la ZOLCCYT\u201d.<br \/>Tutor: MSc. Douglas Paz<br \/>Veredicto: MENCIONES, HONOR\u00cdFICA Y PUBLICACI\u00d3N.<\/p><p><strong>2018. Diplomado en Programaci\u00f3n Neuroling\u00fc\u00edstica PNL. SIEMS.<\/strong><br \/>M\u00e9rida \u2013 Venezuela.<br \/>2002. Diplomado Internacional en Creatividad y Liderazgo. Facultad de Ciencias Jur\u00eddicas y Pol\u00edticas. Estudios en Propiedad Intelectual, Universidad de Los Andes (ULA). M\u00e9rida \u2013 Venezuela<\/p><p>2002 Licenciado en Administraci\u00f3n, Menci\u00f3n Gerencia. (1ro. de la Promoci\u00f3n) UFT, Universidad Ferm\u00edn Toro. Lara \u2013 Venezuela. \u00cdndice Acad\u00e9mico: 19,08\/ 20.<br \/>1998 T.S.U. en Turismo. Menci\u00f3n Servicios. (Cum Laude -1ro. de la Promoci\u00f3n). IUTAJS, Instituto Universitario de Tecnolog\u00eda A. J. de Sucre. M\u00e9rida &#8211; Venezuela \u00cdndice Acad\u00e9mico: 18,09\/ 20.<\/p>\t\t\t\t\t\t\t\t<\/div>\n\t\t\t\t<\/div>\n\t\t\t\t\t<\/div>\n\t\t<\/div>\n\t\t\t\t\t<\/div>\n\t\t<\/section>\n\t\t\t\t<section class=\"elementor-section elementor-inner-section elementor-element elementor-element-82d8c4e elementor-section-boxed elementor-section-height-default elementor-section-height-default\" data-id=\"82d8c4e\" data-element_type=\"section\">\n\t\t\t\t\t\t<div class=\"elementor-container elementor-column-gap-default\">\n\t\t\t\t\t<div class=\"elementor-column elementor-col-100 elementor-inner-column elementor-element elementor-element-8cc3b75\" data-id=\"8cc3b75\" data-element_type=\"column\">\n\t\t\t<div class=\"elementor-widget-wrap elementor-element-populated\">\n\t\t\t\t\t\t<div class=\"elementor-element elementor-element-f15ae5f elementor-widget elementor-widget-heading\" data-id=\"f15ae5f\" data-element_type=\"widget\" data-widget_type=\"heading.default\">\n\t\t\t\t<div class=\"elementor-widget-container\">\n\t\t\t\t\t<h4 class=\"elementor-heading-title elementor-size-default\">Publicaciones<\/h4>\t\t\t\t<\/div>\n\t\t\t\t<\/div>\n\t\t\t\t<div class=\"elementor-element elementor-element-5bcb024 elementor-widget elementor-widget-text-editor\" data-id=\"5bcb024\" data-element_type=\"widget\" data-widget_type=\"text-editor.default\">\n\t\t\t\t<div class=\"elementor-widget-container\">\n\t\t\t\t\t\t\t\t\t<ul><li>Desde 2004 Autor y Co-autor de trabajos (Indexados), ensayos filos\u00f3ficos y otros. Actualmente con 4 libros y m\u00e1s de 25 publicaciones en Est\u00e9tica, Ciencias Sociales, Complejidad, Educaci\u00f3n, Poes\u00eda&#8230;<\/li><li><span style=\"font-size: 16px;\">2012. \u2013 Coautor Libro: \u201cEducaci\u00f3n y complejidad: Tres gnoseolog\u00edas tres vivencias\u201d. Edit. EAEA, Alemania. Disponible en amazon.com<\/span><\/li><\/ul>\t\t\t\t\t\t\t\t<\/div>\n\t\t\t\t<\/div>\n\t\t\t\t\t<\/div>\n\t\t<\/div>\n\t\t\t\t\t<\/div>\n\t\t<\/section>\n\t\t\t\t<section class=\"elementor-section elementor-inner-section elementor-element elementor-element-5fe2d18 elementor-section-boxed elementor-section-height-default elementor-section-height-default\" data-id=\"5fe2d18\" data-element_type=\"section\">\n\t\t\t\t\t\t<div class=\"elementor-container elementor-column-gap-default\">\n\t\t\t\t\t<div class=\"elementor-column elementor-col-100 elementor-inner-column elementor-element elementor-element-758c53d\" data-id=\"758c53d\" data-element_type=\"column\">\n\t\t\t<div class=\"elementor-widget-wrap elementor-element-populated\">\n\t\t\t\t\t\t<div class=\"elementor-element elementor-element-ab1f530 elementor-widget elementor-widget-heading\" data-id=\"ab1f530\" data-element_type=\"widget\" data-widget_type=\"heading.default\">\n\t\t\t\t<div class=\"elementor-widget-container\">\n\t\t\t\t\t<h4 class=\"elementor-heading-title elementor-size-default\">Experiencias Trans-disciplinarias<\/h4>\t\t\t\t<\/div>\n\t\t\t\t<\/div>\n\t\t\t\t<div class=\"elementor-element elementor-element-1076f79 elementor-widget elementor-widget-text-editor\" data-id=\"1076f79\" data-element_type=\"widget\" data-widget_type=\"text-editor.default\">\n\t\t\t\t<div class=\"elementor-widget-container\">\n\t\t\t\t\t\t\t\t\t<ul><li>2017\/2020 \u2013 Profesor del Diplomado en Turismo. Centro de Investigaciones en Desarrollo Empresarial CIDE \/ Facultad de Ciencias Econ\u00f3micas y Sociales, ULA.<\/li><li><span style=\"font-size: 16px;\">2018\/2019 \u2013 Profesor de Maestr\u00eda en Gerencia UNESUR. Santa B\u00e1rbara del Zulia \u2013 Zulia \/ Venezuela.<\/span><\/li><li><span style=\"font-size: 16px;\">2017. \u2013 Profesor del Diplomado en Inocuidad y Calidad de los Alimentos. Direcci\u00f3n de Extensi\u00f3n. Convenio ULA\/Nestle, ULA.<\/span><\/li><li><span style=\"font-size: 16px;\">Desde 2016 \u2013 Profesor, Tutor, Jurado y Colaborador de los Doctorados de: Filosof\u00eda, Letras, Educaci\u00f3n, Ciencias Contables, Ciencias Humanas, Ciencias de la Actividad F\u00edsica y el Deporte, ULA, M\u00e9rida.<\/span><\/li><li><span style=\"font-size: 16px;\">Del 2000 al 2015 \u2013 Fundador y Coordinador Acad\u00e9mico, Profesor, Tutor e Investigador del \u201cDiplomado Internacional en Creatividad y Liderazgo\u201d, Facu. Ccias. Jur\u00eddicas y Pol\u00edticas, ULA.<\/span><\/li><li><span style=\"font-size: 16px;\">2012. \u2013 Fundador y 1er. Presidente de la Sociedad Tao\u00edsta de Venezuela TAOVEN, M\u00e9rida \u2013 Venezuela.<\/span><\/li><li><span style=\"font-size: 16px;\">Desde 2011 \u2013 Coordinador C\u00e1tedra Libre de Estudios Orientales Departamento de Filosof\u00eda, Facultad Humanidades y Educaci\u00f3n, ULA.<\/span><\/li><li><span style=\"font-size: 16px;\">Del 2011 al 2015 \u2013 Coordinador Acad\u00e9mico. Diplomado Internacional en Creatividad y Liderazgo (DICYL), Facultad de Ciencias Jur\u00eddicas y Pol\u00edtica, Estudios en Propiedad Intelectual, ULA.<\/span><\/li><li><span style=\"font-size: 16px;\">2010. \u2013 Premio Internacional de Investigaci\u00f3n: \u201cENTE CONSCIENTE\u201d Men\u00e7\u00e3o Honrosa. Funda\u00e7\u00e3o Ocidemnte, Salvador Bahia &#8211; Brasil.<\/span><\/li><li><span style=\"font-size: 16px;\">Desde 2010 \u2013 Sociedad Venezolana de Filosof\u00eda. Miembro Asociado. Caracas-Venezuela.<\/span><\/li><li><span style=\"font-size: 16px;\">2008\/2010\/2012\/2014 \u2013 Investigador PPI Nivel I y PEI NACIONAL Nivel A. Sistema Nacional Promoci\u00f3n del Investigador. ONTIC. MPP, Ministerio Ciencias, Tecnolog\u00eda e Industrias Intermedias. Venezuela.<\/span><\/li><li><span style=\"font-size: 16px;\">2008\/2010\/2012\/2014 \u2013 Investigador PEI. Programa de Est\u00edmulo al Investigador, CDCHT, Vicerrectorado Acad\u00e9mico. ULA.<\/span><\/li><li><span style=\"font-size: 16px;\">2008\/2009 \u2013 Becario Acad\u00e9mico Departamento de Filosof\u00eda, Escuela de Educaci\u00f3n, como profesor de Introducci\u00f3n a la Filosof\u00eda de pregrados de la Facultad de Humanidades y Educaci\u00f3n, ULA.<\/span><\/li><li><span style=\"font-size: 16px;\">Desde el 2008 \u2013 Miembro del Consejo Editorial de EDICIONES ACTUAL, Revistas Cient\u00edficas y Divulgaci\u00f3n. Direcci\u00f3n de Cultura, ULA.<\/span><\/li><li><span style=\"font-size: 16px;\">2008 \u2013 Investigador del Nodo Venezolano de Pensamiento Complejo CONEXUS \u201cEdgar Morin\u201d. Rectorado. ULA.<\/span><\/li><li><span style=\"font-size: 16px;\">2007. \u2013 5To. Premio Nacional del Libro 2007. Menci\u00f3n Lectura, por el libro: \u201cVoces de Cacute\u201d. Cooperaci\u00f3n Editorial. Cooperativa Tur\u00edstica Cultural Cacute, proyecto Universidad de Los Andes. Cacute Comunidad Creativa. CENAL\/VENEZUELA. Instituto Nacional Centro Nacional del Libro. Ministerio del Poder Popular para la Cultura.<\/span><\/li><li><span style=\"font-size: 16px;\">Desde 2005 \u2013 Investigador y Conferencista del Centro de Investigaciones Est\u00e9ticas (CIE), Facultad de Humanidades y Educaci\u00f3n, ULA.<\/span><\/li><li><span style=\"font-size: 16px;\">Desde 2005 \u2013 CEO, Consultor, Asesor, Mentor, Coach de: \u2018ABC Aprendizajes\u2019 Organizaci\u00f3n civil de formaci\u00f3n, consultor\u00eda y eventos creactivos transdisciplinarios, M\u00e9rida \u2013 Venezuela.<\/span><\/li><li><span style=\"font-size: 16px;\">Desde 2004 Asociaci\u00f3n Escritores de M\u00e9rida Miembro Asociado. Poes\u00eda y Narrativa. M\u00e9rida \u2013 Venezuela.<\/span><\/li><li><span style=\"font-size: 16px;\">Desde 2003 Investigador, Consultor, Facilitador en Liderazgo y Creatividad de \u201cHumana Internacional\u201d, M\u00e9rida \u2013 Venezuela.<\/span><\/li><\/ul>\t\t\t\t\t\t\t\t<\/div>\n\t\t\t\t<\/div>\n\t\t\t\t\t<\/div>\n\t\t<\/div>\n\t\t\t\t\t<\/div>\n\t\t<\/section>\n\t\t\t\t<section class=\"elementor-section elementor-inner-section elementor-element elementor-element-a6a32f7 elementor-section-boxed elementor-section-height-default elementor-section-height-default\" data-id=\"a6a32f7\" data-element_type=\"section\">\n\t\t\t\t\t\t<div class=\"elementor-container elementor-column-gap-default\">\n\t\t\t\t\t<div class=\"elementor-column elementor-col-100 elementor-inner-column elementor-element elementor-element-81d852a\" data-id=\"81d852a\" data-element_type=\"column\">\n\t\t\t<div class=\"elementor-widget-wrap elementor-element-populated\">\n\t\t\t\t\t\t<div class=\"elementor-element elementor-element-fa9485b elementor-widget elementor-widget-heading\" data-id=\"fa9485b\" data-element_type=\"widget\" data-widget_type=\"heading.default\">\n\t\t\t\t<div class=\"elementor-widget-container\">\n\t\t\t\t\t<h4 class=\"elementor-heading-title elementor-size-default\">Habilidades Interculturales y Multicreativas<\/h4>\t\t\t\t<\/div>\n\t\t\t\t<\/div>\n\t\t\t\t<div class=\"elementor-element elementor-element-ecd7dd2 elementor-widget elementor-widget-text-editor\" data-id=\"ecd7dd2\" data-element_type=\"widget\" data-widget_type=\"text-editor.default\">\n\t\t\t\t<div class=\"elementor-widget-container\">\n\t\t\t\t\t\t\t\t\t<p><strong>Idiomas<\/strong>: Ingl\u00e9s, Portugu\u00e9s, Italiano, Finland\u00e9s. Alem\u00e1n (Nivel T\u00e9cnico)<\/p><p><strong>Oficios<\/strong>: Coach, Asesor, Consultor (Personal, Organizacional y Comunitario), Consejer\u00eda Filos\u00f3fica, Terapeuta Transpersonal, Cosmobi\u00f3logo.<\/p><p><strong>Experiencias Internacionales en<\/strong>: Finlandia, Suecia, Estados Unidos, Espa\u00f1a, Brasil, Cuba, Colombia, Costa Rica.<\/p><p><strong>\u00c1reas de Inter\u00e9s y Desempe\u00f1o Acad\u00e9mico<\/strong>: Filosof\u00eda, Est\u00e9tica, Hermen\u00e9utica, Ontolog\u00eda, Orientalismo, Epistemolog\u00eda, Complejidad y Pensamiento Complejo, Trans-disciplinariedad, Ciencias Sociales, Humanidades, Educaci\u00f3n, Andragog\u00eda, Poes\u00eda, Arte, Antropolog\u00eda, Desarrollo de Talentos, Neurociencias, Creatividad, Liderazgo, Turismo, Ocio, Gerencia, entre otras.<\/p>\t\t\t\t\t\t\t\t<\/div>\n\t\t\t\t<\/div>\n\t\t\t\t\t<\/div>\n\t\t<\/div>\n\t\t\t\t\t<\/div>\n\t\t<\/section>\n\t\t\t\t\t<\/div>\n\t\t<\/div>\n\t\t\t\t\t<\/div>\n\t\t<\/section>\n\t\t\t\t<\/div>\n\t\t","protected":false},"excerpt":{"rendered":"<p>DR RODRIGO MART\u00cdNEZ Actualidad Desde 2010 Profesor Ordinario, Dedicaci\u00f3n Exclusiva, adscrito al Departamento de Filosof\u00eda de la Escuela de Educaci\u00f3n, Facultad de Humanidades y Educaci\u00f3n, Universidad de Los Andes (ULA), M\u00e9rida\/Venezuela.&#8211; Pregrado Introducci\u00f3n a la Filosof\u00eda&#8211; Pregrado Seminario de Estudios Orientales&#8211; Maestr\u00eda de Filosof\u00eda&#8211; Doctorado de Filosof\u00eda, Doctorado de Letras, Doctorado en Educaci\u00f3n, Doctorado de &hellip;<\/p>\n<p class=\"read-more\"> <a class=\"\" href=\"http:\/\/190.168.5.116\/webdoctoradofilosofia\/dr-rodrigo-martinez\/\"> <span class=\"screen-reader-text\">DR RODRIGO MARTINEZ<\/span> Leer m\u00e1s &raquo;<\/a><\/p>\n","protected":false},"author":1,"featured_media":0,"parent":0,"menu_order":0,"comment_status":"closed","ping_status":"closed","template":"","meta":{"site-sidebar-layout":"no-sidebar","site-content-layout":"page-builder","ast-global-header-display":"","ast-main-header-display":"","ast-hfb-above-header-display":"","ast-hfb-below-header-display":"","ast-hfb-mobile-header-display":"","site-post-title":"disabled","ast-breadcrumbs-content":"","ast-featured-img":"disabled","footer-sml-layout":"","theme-transparent-header-meta":"","adv-header-id-meta":"","stick-header-meta":"","header-above-stick-meta":"","header-main-stick-meta":"","header-below-stick-meta":"","footnotes":""},"class_list":["post-945","page","type-page","status-publish","hentry"],"_links":{"self":[{"href":"http:\/\/190.168.5.116\/webdoctoradofilosofia\/wp-json\/wp\/v2\/pages\/945","targetHints":{"allow":["GET"]}}],"collection":[{"href":"http:\/\/190.168.5.116\/webdoctoradofilosofia\/wp-json\/wp\/v2\/pages"}],"about":[{"href":"http:\/\/190.168.5.116\/webdoctoradofilosofia\/wp-json\/wp\/v2\/types\/page"}],"author":[{"embeddable":true,"href":"http:\/\/190.168.5.116\/webdoctoradofilosofia\/wp-json\/wp\/v2\/users\/1"}],"replies":[{"embeddable":true,"href":"http:\/\/190.168.5.116\/webdoctoradofilosofia\/wp-json\/wp\/v2\/comments?post=945"}],"version-history":[{"count":16,"href":"http:\/\/190.168.5.116\/webdoctoradofilosofia\/wp-json\/wp\/v2\/pages\/945\/revisions"}],"predecessor-version":[{"id":970,"href":"http:\/\/190.168.5.116\/webdoctoradofilosofia\/wp-json\/wp\/v2\/pages\/945\/revisions\/970"}],"wp:attachment":[{"href":"http:\/\/190.168.5.116\/webdoctoradofilosofia\/wp-json\/wp\/v2\/media?parent=945"}],"curies":[{"name":"wp","href":"https:\/\/api.w.org\/{rel}","templated":true}]}}